{"id":11345,"date":"2025-08-06T11:59:34","date_gmt":"2025-08-06T11:59:34","guid":{"rendered":"https:\/\/purelegance-weddings.de\/?page_id=11345"},"modified":"2026-01-06T16:25:54","modified_gmt":"2026-01-06T16:25:54","slug":"danke","status":"publish","type":"page","link":"https:\/\/purelegance-weddings.de\/en\/danke\/","title":{"rendered":"Danke"},"content":{"rendered":"<div data-elementor-type=\"wp-page\" data-elementor-id=\"11345\" class=\"elementor elementor-11345\" data-elementor-post-type=\"page\">\n\t\t\t\t<div class=\"elementor-element elementor-element-0462ee6 e-con-full e-flex e-con e-parent\" data-id=\"0462ee6\" data-element_type=\"container\" data-e-type=\"container\">\n\t\t<div class=\"elementor-element elementor-element-5bf5bf6 e-con-full e-flex e-con e-child\" data-id=\"5bf5bf6\" data-element_type=\"container\" data-e-type=\"container\" data-settings=\"{&quot;background_background&quot;:&quot;classic&quot;}\">\n\t\t\t\t<div class=\"elementor-element elementor-element-6ebd186 elementor-widget elementor-widget-heading\" data-id=\"6ebd186\" data-element_type=\"widget\" data-e-type=\"widget\" data-widget_type=\"heading.default\">\n\t\t\t\t<div class=\"elementor-widget-container\">\n\t\t\t\t\t<h2 class=\"elementor-heading-title elementor-size-default\">Danke f\u00fcr deine Anfrage<\/h2>\t\t\t\t<\/div>\n\t\t\t\t<\/div>\n\t\t\t\t<div class=\"elementor-element elementor-element-d5aef45 elementor-widget__width-initial elementor-widget elementor-widget-text-editor\" data-id=\"d5aef45\" data-element_type=\"widget\" data-e-type=\"widget\" data-widget_type=\"text-editor.default\">\n\t\t\t\t<div class=\"elementor-widget-container\">\n\t\t\t\t\t\t\t\t\t<p><strong data-start=\"389\" data-end=\"440\">Als N\u00e4chstes melde ich mich telefonisch bei dir<\/strong>, um einen Termin f\u00fcr unser kostenloses Beratungsgespr\u00e4ch zu vereinbaren. Dabei besprechen wir schon mal kurz Eure W\u00fcnsche und erste Eckdaten.<\/p><p>In der Zwischenzeit schau gerne mal auf Instagram vorbei &#8211; dort bekommst du schon mal einen Einblick in meine Welt als Hochzeitsplanerin.<\/p><p>Bis bald,<\/p>\t\t\t\t\t\t\t\t<\/div>\n\t\t\t\t<\/div>\n\t\t\t\t<div class=\"elementor-element elementor-element-c69665f elementor-widget elementor-widget-heading\" data-id=\"c69665f\" data-element_type=\"widget\" data-e-type=\"widget\" data-widget_type=\"heading.default\">\n\t\t\t\t<div class=\"elementor-widget-container\">\n\t\t\t\t\t<h1 class=\"elementor-heading-title elementor-size-default\">Carmen Holzhauer<\/h1>\t\t\t\t<\/div>\n\t\t\t\t<\/div>\n\t\t\t\t<div class=\"elementor-element elementor-element-2e7c26f elementor-align-right elementor-mobile-align-center elementor-widget elementor-widget-button\" data-id=\"2e7c26f\" data-element_type=\"widget\" data-e-type=\"widget\" data-widget_type=\"button.default\">\n\t\t\t\t<div class=\"elementor-widget-container\">\n\t\t\t\t\t\t\t\t\t<div class=\"elementor-button-wrapper\">\n\t\t\t\t\t<a class=\"elementor-button elementor-button-link elementor-size-sm\" href=\"https:\/\/www.instagram.com\/purelegance_weddings\/\" target=\"_blank\" rel=\"noopener\">\n\t\t\t\t\t\t<span class=\"elementor-button-content-wrapper\">\n\t\t\t\t\t\t\t\t\t<span class=\"elementor-button-text\">Folge mir auf Instagram<\/span>\n\t\t\t\t\t<\/span>\n\t\t\t\t\t<\/a>\n\t\t\t\t<\/div>\n\t\t\t\t\t\t\t\t<\/div>\n\t\t\t\t<\/div>\n\t\t\t\t<\/div>\n\t\t<div class=\"elementor-element elementor-element-ece78ff e-con-full e-flex e-con e-child\" data-id=\"ece78ff\" data-element_type=\"container\" data-e-type=\"container\" data-settings=\"{&quot;background_background&quot;:&quot;classic&quot;}\">\n\t\t\t\t<\/div>\n\t\t\t\t<\/div>\n\t\t\t\t<\/div>","protected":false},"excerpt":{"rendered":"<p>Danke f\u00fcr deine Anfrage Als N\u00e4chstes melde ich mich telefonisch bei dir, um einen Termin f\u00fcr unser kostenloses Beratungsgespr\u00e4ch zu vereinbaren. Dabei besprechen wir schon mal kurz Eure W\u00fcnsche und erste Eckdaten. In der Zwischenzeit schau gerne mal auf Instagram vorbei &#8211; dort bekommst du schon mal einen Einblick in meine Welt als Hochzeitsplanerin. Bis [&hellip;]<\/p>\n","protected":false},"author":1,"featured_media":0,"parent":0,"menu_order":0,"comment_status":"closed","ping_status":"closed","template":"elementor_header_footer","meta":{"footnotes":""},"class_list":["post-11345","page","type-page","status-publish","hentry"],"_links":{"self":[{"href":"https:\/\/purelegance-weddings.de\/en\/wp-json\/wp\/v2\/pages\/11345","targetHints":{"allow":["GET"]}}],"collection":[{"href":"https:\/\/purelegance-weddings.de\/en\/wp-json\/wp\/v2\/pages"}],"about":[{"href":"https:\/\/purelegance-weddings.de\/en\/wp-json\/wp\/v2\/types\/page"}],"author":[{"embeddable":true,"href":"https:\/\/purelegance-weddings.de\/en\/wp-json\/wp\/v2\/users\/1"}],"replies":[{"embeddable":true,"href":"https:\/\/purelegance-weddings.de\/en\/wp-json\/wp\/v2\/comments?post=11345"}],"version-history":[{"count":31,"href":"https:\/\/purelegance-weddings.de\/en\/wp-json\/wp\/v2\/pages\/11345\/revisions"}],"predecessor-version":[{"id":13050,"href":"https:\/\/purelegance-weddings.de\/en\/wp-json\/wp\/v2\/pages\/11345\/revisions\/13050"}],"wp:attachment":[{"href":"https:\/\/purelegance-weddings.de\/en\/wp-json\/wp\/v2\/media?parent=11345"}],"curies":[{"name":"wp","href":"https:\/\/api.w.org\/{rel}","templated":true}]}}