{"id":11237,"date":"2025-07-27T11:51:57","date_gmt":"2025-07-27T11:51:57","guid":{"rendered":"https:\/\/purelegance-weddings.de\/?page_id=11237"},"modified":"2026-01-06T16:23:25","modified_gmt":"2026-01-06T16:23:25","slug":"destination-wedding","status":"publish","type":"page","link":"https:\/\/purelegance-weddings.de\/en\/destination-wedding\/","title":{"rendered":"Destination Wedding"},"content":{"rendered":"<div data-elementor-type=\"wp-page\" data-elementor-id=\"11237\" class=\"elementor elementor-11237\" data-elementor-post-type=\"page\">\n\t\t\t\t<div class=\"elementor-element elementor-element-c57f4ad e-con-full e-flex e-con e-parent\" data-id=\"c57f4ad\" data-element_type=\"container\" data-e-type=\"container\" data-settings=\"{&quot;background_background&quot;:&quot;classic&quot;}\">\n\t\t\t\t<div class=\"elementor-element elementor-element-16a01c0 elementor-widget elementor-widget-heading\" data-id=\"16a01c0\" data-element_type=\"widget\" data-e-type=\"widget\" data-widget_type=\"heading.default\">\n\t\t\t\t<div class=\"elementor-widget-container\">\n\t\t\t\t\t<h1 class=\"elementor-heading-title elementor-size-default\">Destination Wedding<\/h1>\t\t\t\t<\/div>\n\t\t\t\t<\/div>\n\t\t\t\t<\/div>\n\t\t<div class=\"elementor-element elementor-element-99a9fb7 e-con-full e-flex e-con e-parent\" data-id=\"99a9fb7\" data-element_type=\"container\" data-e-type=\"container\" data-settings=\"{&quot;background_background&quot;:&quot;classic&quot;}\">\n\t\t<div class=\"elementor-element elementor-element-e6ece8e e-con-full e-flex e-con e-child\" data-id=\"e6ece8e\" data-element_type=\"container\" data-e-type=\"container\">\n\t\t<div class=\"elementor-element elementor-element-f045cb1 e-con-full e-flex e-con e-child\" data-id=\"f045cb1\" data-element_type=\"container\" data-e-type=\"container\" data-settings=\"{&quot;background_background&quot;:&quot;classic&quot;}\">\n\t\t\t\t<div class=\"elementor-element elementor-element-edb049f elementor-widget elementor-widget-heading\" data-id=\"edb049f\" data-element_type=\"widget\" data-e-type=\"widget\" data-widget_type=\"heading.default\">\n\t\t\t\t<div class=\"elementor-widget-container\">\n\t\t\t\t\t<h3 class=\"elementor-heading-title elementor-size-default\">Hi, ich bin Carmen<\/h3>\t\t\t\t<\/div>\n\t\t\t\t<\/div>\n\t\t\t\t<div class=\"elementor-element elementor-element-9b8b490 elementor-widget__width-initial elementor-widget elementor-widget-heading\" data-id=\"9b8b490\" data-element_type=\"widget\" data-e-type=\"widget\" data-widget_type=\"heading.default\">\n\t\t\t\t<div class=\"elementor-widget-container\">\n\t\t\t\t\t<h2 class=\"elementor-heading-title elementor-size-default\">Destination Wedding Planner f\u00fcr Tirol<\/h2>\t\t\t\t<\/div>\n\t\t\t\t<\/div>\n\t\t\t\t<div class=\"elementor-element elementor-element-103886c elementor-widget elementor-widget-text-editor\" data-id=\"103886c\" data-element_type=\"widget\" data-e-type=\"widget\" data-widget_type=\"text-editor.default\">\n\t\t\t\t<div class=\"elementor-widget-container\">\n\t\t\t\t\t\t\t\t\t<p>Eine Hochzeit ist mehr als ein Ja-Wort \u2013 sie ist ein Statement, ein Erlebnis, das euch und eure G\u00e4ste f\u00fcr immer begleiten soll.<\/p><p>Als geb\u00fcrtige Tirolerin und erfahrene gestalte ich f\u00fcr euch eine Destination Wedding, die h\u00f6chste Anspr\u00fcche erf\u00fcllt \u2013 individuell, stilvoll und absolut einzigartig.<\/p><p>Viele verbinden Tirol sofort mit einer rustikalen Almhochzeit \u2013 und ja, auch das kann traumhaft sein. Aber Tirol hat so viel mehr zu bieten: elegante Schl\u00f6sser, exklusive Resorts mit Panoramablick, moderne Design-Hotels mitten in den Alpen und private Luxusvillen, die euren Tag unvergesslich machen.<\/p><p>Mit viel Liebe zum Detail, einem handverlesenen Netzwerk an erstklassigen Partnern und dem Blick f\u00fcr \u00c4sthetik erschaffe ich f\u00fcr euch eine Hochzeit, die nicht nur gefeiert, sondern erlebt wird.<\/p><p>Jede Destination Wedding, die ich in Tirol plane, ist so einzigartig wie die Paare selbst: gepr\u00e4gt von eurer Pers\u00f6nlichkeit, getragen von der Sch\u00f6nheit der Natur und vollendet durch stilvolle Eleganz.<\/p>\t\t\t\t\t\t\t\t<\/div>\n\t\t\t\t<\/div>\n\t\t\t\t<div class=\"elementor-element elementor-element-5bb925a elementor-align-left elementor-mobile-align-center elementor-widget elementor-widget-button\" data-id=\"5bb925a\" data-element_type=\"widget\" data-e-type=\"widget\" data-widget_type=\"button.default\">\n\t\t\t\t<div class=\"elementor-widget-container\">\n\t\t\t\t\t\t\t\t\t<div class=\"elementor-button-wrapper\">\n\t\t\t\t\t<a class=\"elementor-button elementor-button-link elementor-size-sm\" href=\"https:\/\/purelegance-weddings.de\/en\/beratungsgespraech-vereinbaren\/\" target=\"_blank\">\n\t\t\t\t\t\t<span class=\"elementor-button-content-wrapper\">\n\t\t\t\t\t\t\t\t\t<span class=\"elementor-button-text\">Kostenlose Beratung anfragen<\/span>\n\t\t\t\t\t<\/span>\n\t\t\t\t\t<\/a>\n\t\t\t\t<\/div>\n\t\t\t\t\t\t\t\t<\/div>\n\t\t\t\t<\/div>\n\t\t\t\t<\/div>\n\t\t\t\t<\/div>\n\t\t<div class=\"elementor-element elementor-element-53309e3 e-con-full e-flex e-con e-child\" data-id=\"53309e3\" data-element_type=\"container\" data-e-type=\"container\" data-settings=\"{&quot;background_background&quot;:&quot;classic&quot;}\">\n\t\t\t\t<\/div>\n\t\t\t\t<\/div>\n\t\t<div class=\"elementor-element elementor-element-496d49d e-con-full e-flex e-con e-parent\" data-id=\"496d49d\" data-element_type=\"container\" data-e-type=\"container\">\n\t\t<div class=\"elementor-element elementor-element-06ebca0 e-con-full e-flex e-con e-child\" data-id=\"06ebca0\" data-element_type=\"container\" data-e-type=\"container\">\n\t\t\t\t<div class=\"elementor-element elementor-element-ea075b4 elementor-widget elementor-widget-image\" data-id=\"ea075b4\" data-element_type=\"widget\" data-e-type=\"widget\" data-widget_type=\"image.default\">\n\t\t\t\t<div class=\"elementor-widget-container\">\n\t\t\t\t\t\t\t\t\t\t\t\t\t\t\t<img fetchpriority=\"high\" decoding=\"async\" width=\"683\" height=\"1024\" src=\"https:\/\/purelegance-weddings.de\/wp-content\/uploads\/2025\/12\/carmen-holzhauer-pureelegance-weddings-hochzeitsplanung25-1-683x1024.jpg\" class=\"attachment-large size-large wp-image-12860\" alt=\"\" srcset=\"https:\/\/purelegance-weddings.de\/wp-content\/uploads\/2025\/12\/carmen-holzhauer-pureelegance-weddings-hochzeitsplanung25-1-683x1024.jpg 683w, https:\/\/purelegance-weddings.de\/wp-content\/uploads\/2025\/12\/carmen-holzhauer-pureelegance-weddings-hochzeitsplanung25-1-200x300.jpg 200w, https:\/\/purelegance-weddings.de\/wp-content\/uploads\/2025\/12\/carmen-holzhauer-pureelegance-weddings-hochzeitsplanung25-1-768x1152.jpg 768w, https:\/\/purelegance-weddings.de\/wp-content\/uploads\/2025\/12\/carmen-holzhauer-pureelegance-weddings-hochzeitsplanung25-1-1024x1536.jpg 1024w, https:\/\/purelegance-weddings.de\/wp-content\/uploads\/2025\/12\/carmen-holzhauer-pureelegance-weddings-hochzeitsplanung25-1-8x12.jpg 8w, https:\/\/purelegance-weddings.de\/wp-content\/uploads\/2025\/12\/carmen-holzhauer-pureelegance-weddings-hochzeitsplanung25-1.jpg 1067w\" sizes=\"(max-width: 683px) 100vw, 683px\" \/>\t\t\t\t\t\t\t\t\t\t\t\t\t\t\t<\/div>\n\t\t\t\t<\/div>\n\t\t\t\t<\/div>\n\t\t<div class=\"elementor-element elementor-element-306fc1b e-con-full e-flex e-con e-child\" data-id=\"306fc1b\" data-element_type=\"container\" data-e-type=\"container\">\n\t\t\t\t<div class=\"elementor-element elementor-element-9d4c248 elementor-widget__width-initial elementor-widget elementor-widget-heading\" data-id=\"9d4c248\" data-element_type=\"widget\" data-e-type=\"widget\" data-widget_type=\"heading.default\">\n\t\t\t\t<div class=\"elementor-widget-container\">\n\t\t\t\t\t<h2 class=\"elementor-heading-title elementor-size-default\">Vorteile mit mir als Hochzeits&shy;planerin<\/h2>\t\t\t\t<\/div>\n\t\t\t\t<\/div>\n\t\t\t\t<div class=\"elementor-element elementor-element-e467e29 elementor-widget__width-initial elementor-list-item-link-full_width elementor-widget elementor-widget-icon-list\" data-id=\"e467e29\" data-element_type=\"widget\" data-e-type=\"widget\" data-widget_type=\"icon-list.default\">\n\t\t\t\t<div class=\"elementor-widget-container\">\n\t\t\t\t\t\t\t<ul class=\"elementor-icon-list-items\">\n\t\t\t\t\t\t\t<li class=\"elementor-icon-list-item\">\n\t\t\t\t\t\t\t\t\t\t\t<span class=\"elementor-icon-list-icon\">\n\t\t\t\t\t\t\t<svg xmlns=\"http:\/\/www.w3.org\/2000\/svg\" id=\"Ebene_1\" viewbox=\"0 0 100 100\"><path d=\"M77.06,21.98c-14,10.7-26,23.8-35,38.9-1.8,3-3.4,6-5,9.1-4.2-4.8-8.9-9-14.1-12.6-1.3-.9-3.3-.3-4.1,1.1-.9,1.5-.3,3.2,1.1,4.1,5.8,4,11,8.8,15.2,14.4.7.9,1.4,1.5,2.6,1.5,1,0,2.2-.6,2.6-1.5,7-15.3,16.9-29.2,29-40.8,3.4-3.2,7-6.3,10.7-9.1,1.3-1,2-2.6,1.1-4.1-.8-1.2-2.8-2-4.1-1h0Z\"><\/path><\/svg>\t\t\t\t\t\t<\/span>\n\t\t\t\t\t\t\t\t\t\t<span class=\"elementor-icon-list-text\"><b>Zeitersparnis und Stressabbau<\/b><br>Als eure Hochzeitsplanerin \u00fcbernehme ich Organisation und Koordination, damit ihr euch nicht mit unz\u00e4hligen Aufgaben besch\u00e4ftigen m\u00fcsst. Ihr spart Zeit, vermeidet m\u00fchsame Recherchen und bleibt von R\u00fcckfragen verschont \u2013 so k\u00f6nnt ihr euch voll auf eure Vorfreude konzentrieren.<\/span>\n\t\t\t\t\t\t\t\t\t<\/li>\n\t\t\t\t\t\t\t\t<li class=\"elementor-icon-list-item\">\n\t\t\t\t\t\t\t\t\t\t\t<span class=\"elementor-icon-list-icon\">\n\t\t\t\t\t\t\t<svg xmlns=\"http:\/\/www.w3.org\/2000\/svg\" id=\"Ebene_1\" viewbox=\"0 0 100 100\"><path d=\"M77.06,21.98c-14,10.7-26,23.8-35,38.9-1.8,3-3.4,6-5,9.1-4.2-4.8-8.9-9-14.1-12.6-1.3-.9-3.3-.3-4.1,1.1-.9,1.5-.3,3.2,1.1,4.1,5.8,4,11,8.8,15.2,14.4.7.9,1.4,1.5,2.6,1.5,1,0,2.2-.6,2.6-1.5,7-15.3,16.9-29.2,29-40.8,3.4-3.2,7-6.3,10.7-9.1,1.3-1,2-2.6,1.1-4.1-.8-1.2-2.8-2-4.1-1h0Z\"><\/path><\/svg>\t\t\t\t\t\t<\/span>\n\t\t\t\t\t\t\t\t\t\t<span class=\"elementor-icon-list-text\"><b>Erfahrene Lieferantenvermittlung<\/b><br>Ich arbeite mit zuverl\u00e4ssigen und hochwertigen Dienstleistern zusammen und empfehle euch genau die Anbieter, die zu euren Vorstellungen passen. So spart ihr Zeit, minimiert Risiken und k\u00f6nnt sicher sein, dass alle Gewerke professionell umgesetzt werden.<\/span>\n\t\t\t\t\t\t\t\t\t<\/li>\n\t\t\t\t\t\t\t\t<li class=\"elementor-icon-list-item\">\n\t\t\t\t\t\t\t\t\t\t\t<span class=\"elementor-icon-list-icon\">\n\t\t\t\t\t\t\t<svg xmlns=\"http:\/\/www.w3.org\/2000\/svg\" id=\"Ebene_1\" viewbox=\"0 0 100 100\"><path d=\"M77.06,21.98c-14,10.7-26,23.8-35,38.9-1.8,3-3.4,6-5,9.1-4.2-4.8-8.9-9-14.1-12.6-1.3-.9-3.3-.3-4.1,1.1-.9,1.5-.3,3.2,1.1,4.1,5.8,4,11,8.8,15.2,14.4.7.9,1.4,1.5,2.6,1.5,1,0,2.2-.6,2.6-1.5,7-15.3,16.9-29.2,29-40.8,3.4-3.2,7-6.3,10.7-9.1,1.3-1,2-2.6,1.1-4.1-.8-1.2-2.8-2-4.1-1h0Z\"><\/path><\/svg>\t\t\t\t\t\t<\/span>\n\t\t\t\t\t\t\t\t\t\t<span class=\"elementor-icon-list-text\"><b>Individuelles Designkonzept<\/b><br>Jede Hochzeit ist einzigartig \u2013 euer Design auch. Gemeinsam entwickeln wir ein Konzept, das euren Stil widerspiegelt. Ob modern, klassisch oder kreativ: Das Design wird genau auf eure W\u00fcnsche abgestimmt und schafft das perfekte Ambiente f\u00fcr euren gro\u00dfen Tag.<\/span>\n\t\t\t\t\t\t\t\t\t<\/li>\n\t\t\t\t\t\t\t\t<li class=\"elementor-icon-list-item\">\n\t\t\t\t\t\t\t\t\t\t\t<span class=\"elementor-icon-list-icon\">\n\t\t\t\t\t\t\t<svg xmlns=\"http:\/\/www.w3.org\/2000\/svg\" id=\"Ebene_1\" viewbox=\"0 0 100 100\"><path d=\"M77.06,21.98c-14,10.7-26,23.8-35,38.9-1.8,3-3.4,6-5,9.1-4.2-4.8-8.9-9-14.1-12.6-1.3-.9-3.3-.3-4.1,1.1-.9,1.5-.3,3.2,1.1,4.1,5.8,4,11,8.8,15.2,14.4.7.9,1.4,1.5,2.6,1.5,1,0,2.2-.6,2.6-1.5,7-15.3,16.9-29.2,29-40.8,3.4-3.2,7-6.3,10.7-9.1,1.3-1,2-2.6,1.1-4.1-.8-1.2-2.8-2-4.1-1h0Z\"><\/path><\/svg>\t\t\t\t\t\t<\/span>\n\t\t\t\t\t\t\t\t\t\t<span class=\"elementor-icon-list-text\"><b>Stressfreie Kommunikation und regelm\u00e4\u00dfige Updates<\/b><br>W\u00e4hrend der gesamten Planung halte ich euch zuverl\u00e4ssig auf dem Laufenden. Durch klare Absprachen und regelm\u00e4\u00dfige Updates stelle ich sicher, dass alle Details passen. Ihr k\u00f6nnt euch jederzeit mit Fragen melden \u2013 ich bin immer f\u00fcr euch da.<\/span>\n\t\t\t\t\t\t\t\t\t<\/li>\n\t\t\t\t\t\t<\/ul>\n\t\t\t\t\t\t<\/div>\n\t\t\t\t<\/div>\n\t\t\t\t<div class=\"elementor-element elementor-element-2715e8b elementor-align-left elementor-tablet-align-center elementor-widget elementor-widget-button\" data-id=\"2715e8b\" data-element_type=\"widget\" data-e-type=\"widget\" data-widget_type=\"button.default\">\n\t\t\t\t<div class=\"elementor-widget-container\">\n\t\t\t\t\t\t\t\t\t<div class=\"elementor-button-wrapper\">\n\t\t\t\t\t<a class=\"elementor-button elementor-button-link elementor-size-sm\" href=\"https:\/\/purelegance-weddings.de\/en\/beratungsgespraech-vereinbaren\/\" target=\"_blank\">\n\t\t\t\t\t\t<span class=\"elementor-button-content-wrapper\">\n\t\t\t\t\t\t\t\t\t<span class=\"elementor-button-text\">Kostenlose Beratung anfragen<\/span>\n\t\t\t\t\t<\/span>\n\t\t\t\t\t<\/a>\n\t\t\t\t<\/div>\n\t\t\t\t\t\t\t\t<\/div>\n\t\t\t\t<\/div>\n\t\t\t\t<\/div>\n\t\t\t\t<\/div>\n\t\t<div class=\"elementor-element elementor-element-2af1fae e-con-full e-flex e-con e-parent\" data-id=\"2af1fae\" data-element_type=\"container\" data-e-type=\"container\" data-settings=\"{&quot;background_background&quot;:&quot;classic&quot;}\">\n\t\t<div class=\"elementor-element elementor-element-6b30191 e-con-full e-flex e-con e-child\" data-id=\"6b30191\" data-element_type=\"container\" data-e-type=\"container\">\n\t\t\t\t<div class=\"elementor-element elementor-element-bab1e5f elementor-widget-tablet__width-initial elementor-invisible elementor-widget elementor-widget-heading\" data-id=\"bab1e5f\" data-element_type=\"widget\" data-e-type=\"widget\" data-settings=\"{&quot;_animation&quot;:&quot;fadeInUp&quot;}\" data-widget_type=\"heading.default\">\n\t\t\t\t<div class=\"elementor-widget-container\">\n\t\t\t\t\t<h2 class=\"elementor-heading-title elementor-size-default\">So kann eure Hochzeit in Tirol aussehen<\/h2>\t\t\t\t<\/div>\n\t\t\t\t<\/div>\n\t\t\t\t<div class=\"elementor-element elementor-element-c2771a3 elementor-widget elementor-widget-gallery\" data-id=\"c2771a3\" data-element_type=\"widget\" data-e-type=\"widget\" data-settings=\"{&quot;gallery_layout&quot;:&quot;masonry&quot;,&quot;columns&quot;:5,&quot;columns_tablet&quot;:5,&quot;columns_mobile&quot;:3,&quot;gap&quot;:{&quot;unit&quot;:&quot;px&quot;,&quot;size&quot;:10,&quot;sizes&quot;:[]},&quot;gap_tablet&quot;:{&quot;unit&quot;:&quot;px&quot;,&quot;size&quot;:10,&quot;sizes&quot;:[]},&quot;gap_mobile&quot;:{&quot;unit&quot;:&quot;px&quot;,&quot;size&quot;:10,&quot;sizes&quot;:[]},&quot;content_hover_animation&quot;:&quot;fade-in&quot;}\" data-widget_type=\"gallery.default\">\n\t\t\t\t<div class=\"elementor-widget-container\">\n\t\t\t\t\t\t\t<div class=\"elementor-gallery__container\">\n\t\t\t\t\t\t\t<div class=\"e-gallery-item elementor-gallery-item elementor-animated-content\">\n\t\t\t\t\t<div class=\"e-gallery-image elementor-gallery-item__image\" data-thumbnail=\"https:\/\/purelegance-weddings.de\/wp-content\/uploads\/2025\/08\/Brautpaar-vor-Bergkulisse-1024x1536.png\" data-width=\"1024\" data-height=\"1536\" aria-label=\"Destination Wedding Tiroler Alpen\" role=\"img\" ><\/div>\n\t\t\t\t\t\t\t\t\t\t\t\t\t\t<\/div>\n\t\t\t\t\t\t\t<div class=\"e-gallery-item elementor-gallery-item elementor-animated-content\">\n\t\t\t\t\t<div class=\"e-gallery-image elementor-gallery-item__image\" data-thumbnail=\"https:\/\/purelegance-weddings.de\/wp-content\/uploads\/2025\/12\/carmen-holzhauer-pureelegance-weddings-hochzeitsplanung36-1-1024x1536.jpg\" data-width=\"1024\" data-height=\"1536\" aria-label=\"\" role=\"img\" ><\/div>\n\t\t\t\t\t\t\t\t\t\t\t\t\t\t<\/div>\n\t\t\t\t\t\t\t<div class=\"e-gallery-item elementor-gallery-item elementor-animated-content\">\n\t\t\t\t\t<div class=\"e-gallery-image elementor-gallery-item__image\" data-thumbnail=\"https:\/\/purelegance-weddings.de\/wp-content\/uploads\/2025\/08\/Braut-beim-Skifahren-1020x1536.png\" data-width=\"1020\" data-height=\"1536\" aria-label=\"\" role=\"img\" ><\/div>\n\t\t\t\t\t\t\t\t\t\t\t\t\t\t<\/div>\n\t\t\t\t\t\t\t<div class=\"e-gallery-item elementor-gallery-item elementor-animated-content\">\n\t\t\t\t\t<div class=\"e-gallery-image elementor-gallery-item__image\" data-thumbnail=\"https:\/\/purelegance-weddings.de\/wp-content\/uploads\/2025\/12\/carmen-holzhauer-pureelegance-weddings-hochzeitsplanung31-1-1024x1536.jpg\" data-width=\"1024\" data-height=\"1536\" aria-label=\"\" role=\"img\" ><\/div>\n\t\t\t\t\t\t\t\t\t\t\t\t\t\t<\/div>\n\t\t\t\t\t\t\t<div class=\"e-gallery-item elementor-gallery-item elementor-animated-content\">\n\t\t\t\t\t<div class=\"e-gallery-image elementor-gallery-item__image\" data-thumbnail=\"https:\/\/purelegance-weddings.de\/wp-content\/uploads\/2025\/08\/Brautpaar-am-Berg-1020x1536.png\" data-width=\"1020\" data-height=\"1536\" aria-label=\"\" role=\"img\" ><\/div>\n\t\t\t\t\t\t\t\t\t\t\t\t\t\t<\/div>\n\t\t\t\t\t\t\t<div class=\"e-gallery-item elementor-gallery-item elementor-animated-content\">\n\t\t\t\t\t<div class=\"e-gallery-image elementor-gallery-item__image\" data-thumbnail=\"https:\/\/purelegance-weddings.de\/wp-content\/uploads\/2025\/08\/Hochzeitsfeier-Tirol-1020x1536.png\" data-width=\"1020\" data-height=\"1536\" aria-label=\"\" role=\"img\" ><\/div>\n\t\t\t\t\t\t\t\t\t\t\t\t\t\t<\/div>\n\t\t\t\t\t\t\t<div class=\"e-gallery-item elementor-gallery-item elementor-animated-content\">\n\t\t\t\t\t<div class=\"e-gallery-image elementor-gallery-item__image\" data-thumbnail=\"https:\/\/purelegance-weddings.de\/wp-content\/uploads\/2025\/12\/carmen-holzhauer-pureelegance-weddings-hochzeitsplanung35-1-1024x1536.jpg\" data-width=\"1024\" data-height=\"1536\" aria-label=\"\" role=\"img\" ><\/div>\n\t\t\t\t\t\t\t\t\t\t\t\t\t\t<\/div>\n\t\t\t\t\t\t\t<div class=\"e-gallery-item elementor-gallery-item elementor-animated-content\">\n\t\t\t\t\t<div class=\"e-gallery-image elementor-gallery-item__image\" data-thumbnail=\"https:\/\/purelegance-weddings.de\/wp-content\/uploads\/2025\/08\/Brautpaar-in-Gondel-1020x1536.png\" data-width=\"1020\" data-height=\"1536\" aria-label=\"\" role=\"img\" ><\/div>\n\t\t\t\t\t\t\t\t\t\t\t\t\t\t<\/div>\n\t\t\t\t\t\t\t<div class=\"e-gallery-item elementor-gallery-item elementor-animated-content\">\n\t\t\t\t\t<div class=\"e-gallery-image elementor-gallery-item__image\" data-thumbnail=\"https:\/\/purelegance-weddings.de\/wp-content\/uploads\/2025\/12\/carmen-holzhauer-pureelegance-weddings-hochzeitsplanung34-1-1024x1536.jpg\" data-width=\"1024\" data-height=\"1536\" aria-label=\"\" role=\"img\" ><\/div>\n\t\t\t\t\t\t\t\t\t\t\t\t\t\t<\/div>\n\t\t\t\t\t\t\t<div class=\"e-gallery-item elementor-gallery-item elementor-animated-content\">\n\t\t\t\t\t<div class=\"e-gallery-image elementor-gallery-item__image\" data-thumbnail=\"https:\/\/purelegance-weddings.de\/wp-content\/uploads\/2025\/12\/carmen-holzhauer-pureelegance-weddings-hochzeitsplanung29-1-1024x1536.jpg\" data-width=\"1024\" data-height=\"1536\" aria-label=\"\" role=\"img\" ><\/div>\n\t\t\t\t\t\t\t\t\t\t\t\t\t\t<\/div>\n\t\t\t\t\t<\/div>\n\t\t\t\t\t<\/div>\n\t\t\t\t<\/div>\n\t\t\t\t<\/div>\n\t\t\t\t<\/div>\n\t\t\t\t<\/div>","protected":false},"excerpt":{"rendered":"<p>Destination Wedding Hi, ich bin Carmen Destination Wedding Planner f\u00fcr Tirol Eine Hochzeit ist mehr als ein Ja-Wort \u2013 sie ist ein Statement, ein Erlebnis, das euch und eure G\u00e4ste f\u00fcr immer begleiten soll. Als geb\u00fcrtige Tirolerin und erfahrene gestalte ich f\u00fcr euch eine Destination Wedding, die h\u00f6chste Anspr\u00fcche erf\u00fcllt \u2013 individuell, stilvoll und absolut [&hellip;]<\/p>\n","protected":false},"author":1,"featured_media":0,"parent":0,"menu_order":0,"comment_status":"closed","ping_status":"closed","template":"elementor_header_footer","meta":{"footnotes":""},"class_list":["post-11237","page","type-page","status-publish","hentry"],"_links":{"self":[{"href":"https:\/\/purelegance-weddings.de\/en\/wp-json\/wp\/v2\/pages\/11237","targetHints":{"allow":["GET"]}}],"collection":[{"href":"https:\/\/purelegance-weddings.de\/en\/wp-json\/wp\/v2\/pages"}],"about":[{"href":"https:\/\/purelegance-weddings.de\/en\/wp-json\/wp\/v2\/types\/page"}],"author":[{"embeddable":true,"href":"https:\/\/purelegance-weddings.de\/en\/wp-json\/wp\/v2\/users\/1"}],"replies":[{"embeddable":true,"href":"https:\/\/purelegance-weddings.de\/en\/wp-json\/wp\/v2\/comments?post=11237"}],"version-history":[{"count":64,"href":"https:\/\/purelegance-weddings.de\/en\/wp-json\/wp\/v2\/pages\/11237\/revisions"}],"predecessor-version":[{"id":13044,"href":"https:\/\/purelegance-weddings.de\/en\/wp-json\/wp\/v2\/pages\/11237\/revisions\/13044"}],"wp:attachment":[{"href":"https:\/\/purelegance-weddings.de\/en\/wp-json\/wp\/v2\/media?parent=11237"}],"curies":[{"name":"wp","href":"https:\/\/api.w.org\/{rel}","templated":true}]}}