{"id":10944,"date":"2025-05-25T19:07:50","date_gmt":"2025-05-25T19:07:50","guid":{"rendered":"https:\/\/purelegance-weddings.de\/?page_id=10944"},"modified":"2026-01-06T16:14:16","modified_gmt":"2026-01-06T16:14:16","slug":"styled-shoot-in-innsbruck","status":"publish","type":"page","link":"https:\/\/purelegance-weddings.de\/en\/styled-shoot-in-innsbruck\/","title":{"rendered":"Styled Shoot in Innsbruck"},"content":{"rendered":"<div data-elementor-type=\"wp-page\" data-elementor-id=\"10944\" class=\"elementor elementor-10944\" data-elementor-post-type=\"page\">\n\t\t\t\t<div class=\"elementor-element elementor-element-0ccd045 e-con-full e-flex e-con e-parent\" data-id=\"0ccd045\" data-element_type=\"container\" data-e-type=\"container\" data-settings=\"{&quot;background_background&quot;:&quot;classic&quot;}\">\n\t\t\t\t<div class=\"elementor-element elementor-element-b6adb45 elementor-widget elementor-widget-heading\" data-id=\"b6adb45\" data-element_type=\"widget\" data-e-type=\"widget\" data-widget_type=\"heading.default\">\n\t\t\t\t<div class=\"elementor-widget-container\">\n\t\t\t\t\t<h1 class=\"elementor-heading-title elementor-size-default\">Styled Shoot in Innsbruck<\/h1>\t\t\t\t<\/div>\n\t\t\t\t<\/div>\n\t\t\t\t<\/div>\n\t\t<div class=\"elementor-element elementor-element-793bc1b e-con-full e-flex e-con e-parent\" data-id=\"793bc1b\" data-element_type=\"container\" data-e-type=\"container\" data-settings=\"{&quot;background_background&quot;:&quot;classic&quot;}\">\n\t\t<div class=\"elementor-element elementor-element-8bc001c e-con-full e-flex e-con e-child\" data-id=\"8bc001c\" data-element_type=\"container\" data-e-type=\"container\">\n\t\t\t\t<div class=\"elementor-element elementor-element-719ccc6 elementor-widget elementor-widget-heading\" data-id=\"719ccc6\" data-element_type=\"widget\" data-e-type=\"widget\" data-widget_type=\"heading.default\">\n\t\t\t\t<div class=\"elementor-widget-container\">\n\t\t\t\t\t<h3 class=\"elementor-heading-title elementor-size-default\">Shootingdetails<\/h3>\t\t\t\t<\/div>\n\t\t\t\t<\/div>\n\t\t<div class=\"elementor-element elementor-element-468a105 e-con-full e-flex e-con e-child\" data-id=\"468a105\" data-element_type=\"container\" data-e-type=\"container\">\n\t\t\t\t<div class=\"elementor-element elementor-element-e373222 elementor-widget elementor-widget-heading\" data-id=\"e373222\" data-element_type=\"widget\" data-e-type=\"widget\" data-widget_type=\"heading.default\">\n\t\t\t\t<div class=\"elementor-widget-container\">\n\t\t\t\t\t<h2 class=\"elementor-heading-title elementor-size-default\">Steckbrief<\/h2>\t\t\t\t<\/div>\n\t\t\t\t<\/div>\n\t\t\t\t<div class=\"elementor-element elementor-element-2ac4e28 elementor-widget elementor-widget-text-editor\" data-id=\"2ac4e28\" data-element_type=\"widget\" data-e-type=\"widget\" data-widget_type=\"text-editor.default\">\n\t\t\t\t<div class=\"elementor-widget-container\">\n\t\t\t\t\t\t\t\t\t<p><strong>Location:<\/strong> Bergisel<b><\/b><\/p><p><strong>Jahreszeit:<\/strong> Fr\u00fchling (M\u00e4rz)<\/p><p><strong>Farbkonzept:<\/strong> Schwarz, Wei\u00df,\u00a0 Beige, Rose<\/p><p><strong>Brautkleid:<\/strong> Rina Braut Konzept<\/p><p><strong>Anzug:<\/strong> Verena Van Leur-Wallmann<\/p><p><strong>Styling:<\/strong> Hair and Face by Melanie H\u00f6ller<\/p><p><strong>Blumen:<\/strong> Augenweide Events<\/p><p><strong>Sweets &amp; Hochzeitstorte:<\/strong> Tortennascherei<\/p><p><strong>Fotografie:<\/strong> Inn Frame und Bergstadtmomente<\/p>\t\t\t\t\t\t\t\t<\/div>\n\t\t\t\t<\/div>\n\t\t\t\t<\/div>\n\t\t\t\t<\/div>\n\t\t<div class=\"elementor-element elementor-element-0fc14b8 e-con-full e-flex e-con e-child\" data-id=\"0fc14b8\" data-element_type=\"container\" data-e-type=\"container\">\n\t\t\t\t<div class=\"elementor-element elementor-element-042eea4 elementor-widget__width-initial elementor-widget elementor-widget-image\" data-id=\"042eea4\" data-element_type=\"widget\" data-e-type=\"widget\" data-widget_type=\"image.default\">\n\t\t\t\t<div class=\"elementor-widget-container\">\n\t\t\t\t\t\t\t\t\t\t\t\t\t\t\t<img fetchpriority=\"high\" decoding=\"async\" width=\"682\" height=\"1024\" src=\"https:\/\/purelegance-weddings.de\/wp-content\/uploads\/2025\/05\/Brautpaar-bei-Shooting-682x1024.png\" class=\"attachment-large size-large wp-image-11023\" alt=\"Hochzeit Bergisel\" srcset=\"https:\/\/purelegance-weddings.de\/wp-content\/uploads\/2025\/05\/Brautpaar-bei-Shooting-682x1024.png 682w, https:\/\/purelegance-weddings.de\/wp-content\/uploads\/2025\/05\/Brautpaar-bei-Shooting-200x300.png 200w, https:\/\/purelegance-weddings.de\/wp-content\/uploads\/2025\/05\/Brautpaar-bei-Shooting-768x1152.png 768w, https:\/\/purelegance-weddings.de\/wp-content\/uploads\/2025\/05\/Brautpaar-bei-Shooting-1024x1536.png 1024w, https:\/\/purelegance-weddings.de\/wp-content\/uploads\/2025\/05\/Brautpaar-bei-Shooting-8x12.png 8w, https:\/\/purelegance-weddings.de\/wp-content\/uploads\/2025\/05\/Brautpaar-bei-Shooting.png 1181w\" sizes=\"(max-width: 682px) 100vw, 682px\" \/>\t\t\t\t\t\t\t\t\t\t\t\t\t\t\t<\/div>\n\t\t\t\t<\/div>\n\t\t\t\t<div class=\"elementor-element elementor-element-a724495 elementor-widget__width-initial elementor-widget elementor-widget-image\" data-id=\"a724495\" data-element_type=\"widget\" data-e-type=\"widget\" data-widget_type=\"image.default\">\n\t\t\t\t<div class=\"elementor-widget-container\">\n\t\t\t\t\t\t\t\t\t\t\t\t\t\t\t<img decoding=\"async\" src=\"https:\/\/purelegance-weddings.de\/wp-content\/uploads\/2024\/05\/158-Styled-Shoot-reduziert.jpg\" title=\"\" alt=\"\" loading=\"lazy\" \/>\t\t\t\t\t\t\t\t\t\t\t\t\t\t\t<\/div>\n\t\t\t\t<\/div>\n\t\t\t\t<div class=\"elementor-element elementor-element-d64b2ae elementor-widget__width-initial elementor-widget elementor-widget-image\" data-id=\"d64b2ae\" data-element_type=\"widget\" data-e-type=\"widget\" data-widget_type=\"image.default\">\n\t\t\t\t<div class=\"elementor-widget-container\">\n\t\t\t\t\t\t\t\t\t\t\t\t\t\t\t<img decoding=\"async\" width=\"800\" height=\"534\" src=\"https:\/\/purelegance-weddings.de\/wp-content\/uploads\/2025\/04\/Brauttisch-Hochzeitsdekoration-1024x683.png\" class=\"attachment-large size-large wp-image-10075\" alt=\"Designkonzept in Schwarz, Wei\u00df und Blush\" srcset=\"https:\/\/purelegance-weddings.de\/wp-content\/uploads\/2025\/04\/Brauttisch-Hochzeitsdekoration-1024x683.png 1024w, https:\/\/purelegance-weddings.de\/wp-content\/uploads\/2025\/04\/Brauttisch-Hochzeitsdekoration-300x200.png 300w, https:\/\/purelegance-weddings.de\/wp-content\/uploads\/2025\/04\/Brauttisch-Hochzeitsdekoration-768x512.png 768w, https:\/\/purelegance-weddings.de\/wp-content\/uploads\/2025\/04\/Brauttisch-Hochzeitsdekoration-1536x1024.png 1536w, https:\/\/purelegance-weddings.de\/wp-content\/uploads\/2025\/04\/Brauttisch-Hochzeitsdekoration-2048x1366.png 2048w, https:\/\/purelegance-weddings.de\/wp-content\/uploads\/2025\/04\/Brauttisch-Hochzeitsdekoration-18x12.png 18w\" sizes=\"(max-width: 800px) 100vw, 800px\" \/>\t\t\t\t\t\t\t\t\t\t\t\t\t\t\t<\/div>\n\t\t\t\t<\/div>\n\t\t\t\t<\/div>\n\t\t\t\t<\/div>\n\t\t<div class=\"elementor-element elementor-element-55751b7 e-con-full e-flex e-con e-parent\" data-id=\"55751b7\" data-element_type=\"container\" data-e-type=\"container\" data-settings=\"{&quot;background_background&quot;:&quot;classic&quot;}\">\n\t\t<div class=\"elementor-element elementor-element-4c07e8e e-con-full e-flex e-con e-child\" data-id=\"4c07e8e\" data-element_type=\"container\" data-e-type=\"container\">\n\t\t\t\t<div class=\"elementor-element elementor-element-f00a8fd elementor-widget elementor-widget-heading\" data-id=\"f00a8fd\" data-element_type=\"widget\" data-e-type=\"widget\" data-widget_type=\"heading.default\">\n\t\t\t\t<div class=\"elementor-widget-container\">\n\t\t\t\t\t<h3 class=\"elementor-heading-title elementor-size-default\">Das Konzept<\/h3>\t\t\t\t<\/div>\n\t\t\t\t<\/div>\n\t\t\t\t<div class=\"elementor-element elementor-element-9146105 elementor-widget__width-initial elementor-widget elementor-widget-text-editor\" data-id=\"9146105\" data-element_type=\"widget\" data-e-type=\"widget\" data-widget_type=\"text-editor.default\">\n\t\t\t\t<div class=\"elementor-widget-container\">\n\t\t\t\t\t\t\t\t\t<p>Dieses Styled Shoot in Tirol verk\u00f6rpert klassische Eleganz \u2013 neu interpretiert f\u00fcr moderne Hochzeiten. Im Mittelpunkt stehen dezente Farben, bewusst gesetzte Kontraste und eine harmonische Stimmung, die sofort das Gef\u00fchl vermittelt: Hier stimmt einfach alles.<\/p><p>Die Farbpalette ist edel und zur\u00fcckhaltend: Wei\u00df, Creme, Beige und ein sanfter Hauch von Rosa bestimmen das Bild, w\u00e4hrend schwarze Akzente gezielt f\u00fcr moderne Kontraste sorgen und dem Gesamtkonzept zeitlose Raffinesse verleihen. So entsteht eine Atmosph\u00e4re, die sowohl stilvoll als auch elegant wirkt und Inspiration f\u00fcr Eure eigene Hochzeit liefert.<\/p><p>Dieses Konzept zeigt, wie klassische Elemente und moderne Details miteinander verschmelzen k\u00f6nnen. Das Ergebnis ist eine Hochzeitsinspiration, die nicht nur optisch \u00fcberzeugt, sondern auch langlebig und flexibel ist \u2013 perfekt f\u00fcr Paare, die Wert auf Stil, zeitlose Eleganz und durchdachte Hochzeitsplanung in Tirol legen.<\/p>\t\t\t\t\t\t\t\t<\/div>\n\t\t\t\t<\/div>\n\t\t\t\t<div class=\"elementor-element elementor-element-730bb62 elementor-align-center elementor-widget elementor-widget-button\" data-id=\"730bb62\" data-element_type=\"widget\" data-e-type=\"widget\" data-widget_type=\"button.default\">\n\t\t\t\t<div class=\"elementor-widget-container\">\n\t\t\t\t\t\t\t\t\t<div class=\"elementor-button-wrapper\">\n\t\t\t\t\t<a class=\"elementor-button elementor-button-link elementor-size-sm\" href=\"https:\/\/purelegance-weddings.de\/en\/beratungsgespraech-vereinbaren\/\" target=\"_blank\">\n\t\t\t\t\t\t<span class=\"elementor-button-content-wrapper\">\n\t\t\t\t\t\t\t\t\t<span class=\"elementor-button-text\">Kostenlose Beratung anfragen<\/span>\n\t\t\t\t\t<\/span>\n\t\t\t\t\t<\/a>\n\t\t\t\t<\/div>\n\t\t\t\t\t\t\t\t<\/div>\n\t\t\t\t<\/div>\n\t\t\t\t<\/div>\n\t\t\t\t<\/div>\n\t\t<div class=\"elementor-element elementor-element-2c2dc00 e-flex e-con-boxed e-con e-parent\" data-id=\"2c2dc00\" data-element_type=\"container\" data-e-type=\"container\">\n\t\t\t\t\t<div class=\"e-con-inner\">\n\t\t\t\t\t<\/div>\n\t\t\t\t<\/div>\n\t\t<div class=\"elementor-element elementor-element-bac76c0 e-con-full e-flex e-con e-parent\" data-id=\"bac76c0\" data-element_type=\"container\" data-e-type=\"container\" data-settings=\"{&quot;background_background&quot;:&quot;classic&quot;}\">\n\t\t<div class=\"elementor-element elementor-element-57517d7 e-con-full e-flex e-con e-child\" data-id=\"57517d7\" data-element_type=\"container\" data-e-type=\"container\">\n\t\t\t\t<div class=\"elementor-element elementor-element-41bea95 elementor-widget elementor-widget-heading\" data-id=\"41bea95\" data-element_type=\"widget\" data-e-type=\"widget\" data-widget_type=\"heading.default\">\n\t\t\t\t<div class=\"elementor-widget-container\">\n\t\t\t\t\t<h3 class=\"elementor-heading-title elementor-size-default\">Details zum Styling<\/h3>\t\t\t\t<\/div>\n\t\t\t\t<\/div>\n\t\t\t\t<div class=\"elementor-element elementor-element-b75e014 elementor-widget__width-initial elementor-widget elementor-widget-text-editor\" data-id=\"b75e014\" data-element_type=\"widget\" data-e-type=\"widget\" data-widget_type=\"text-editor.default\">\n\t\t\t\t<div class=\"elementor-widget-container\">\n\t\t\t\t\t\t\t\t\t<p>Dieses Brautstyling-Konzept vereint ein <strong>elegantes Hochzeitskleid<\/strong> in cleanem Design mit subtilem Glamour \u2013 ideal f\u00fcr Br\u00e4ute, die eine <strong>moderne und zeitlose Hochzeit<\/strong> feiern m\u00f6chten.<\/p><p>Klare Schnitte, flie\u00dfende Stoffe und hochwertige Materialien sorgen f\u00fcr einen<strong> luxuri\u00f6sen Look<\/strong> mit klassischer Note. <strong>Glitzernde Accessoires<\/strong> wie filigrane Ohrringe oder eine R\u00fcckenkette setzen <strong>gezielte Highlights<\/strong>, ohne den minimalistischen Stil zu st\u00f6ren.<\/p><p>Die <strong>Brautfrisur<\/strong> greift diese Linie auf: locker gesteckt, strahlt sie <strong>romantische Leichtigkeit<\/strong> aus und rundet das Styling perfekt ab.<\/p><p>Beim <strong>Braut-Make-up<\/strong> liegt der Fokus auf den Augen \u2013 dezente Schatten und gezielte Highlights schaffen eine elegante, nat\u00fcrliche Ausstrahlung. Ein Look, der <strong>zur\u00fcckhaltend und dennoch wirkungsvoll<\/strong> ist \u2013 perfekt f\u00fcr eine stilvolle, pers\u00f6nliche Hochzeit.<\/p><p>Auch der Br\u00e4utigam f\u00fcgt sich stimmig in das Konzept ein: Er tr\u00e4gt einen <strong>ma\u00dfgeschneiderten Anzug in hellem Grau<\/strong>, der moderne L\u00e4ssigkeit mit klassischem Stil verbindet. Die helle Farbwahl wirkt edel und frisch \u2013 ideal f\u00fcr elegante Hochzeiten mit einem leichten, zeitgem\u00e4\u00dfen Charakter.<\/p>\t\t\t\t\t\t\t\t<\/div>\n\t\t\t\t<\/div>\n\t\t\t\t<div class=\"elementor-element elementor-element-eebbd23 elementor-align-center elementor-widget elementor-widget-button\" data-id=\"eebbd23\" data-element_type=\"widget\" data-e-type=\"widget\" data-widget_type=\"button.default\">\n\t\t\t\t<div class=\"elementor-widget-container\">\n\t\t\t\t\t\t\t\t\t<div class=\"elementor-button-wrapper\">\n\t\t\t\t\t<a class=\"elementor-button elementor-button-link elementor-size-sm\" href=\"https:\/\/purelegance-weddings.de\/en\/beratungsgespraech-vereinbaren\/\" target=\"_blank\">\n\t\t\t\t\t\t<span class=\"elementor-button-content-wrapper\">\n\t\t\t\t\t\t\t\t\t<span class=\"elementor-button-text\">Kostenlose Beratung anfragen<\/span>\n\t\t\t\t\t<\/span>\n\t\t\t\t\t<\/a>\n\t\t\t\t<\/div>\n\t\t\t\t\t\t\t\t<\/div>\n\t\t\t\t<\/div>\n\t\t\t\t<\/div>\n\t\t\t\t<\/div>\n\t\t<div class=\"elementor-element elementor-element-ef76198 e-flex e-con-boxed e-con e-parent\" data-id=\"ef76198\" data-element_type=\"container\" data-e-type=\"container\">\n\t\t\t\t\t<div class=\"e-con-inner\">\n\t\t\t\t\t<\/div>\n\t\t\t\t<\/div>\n\t\t<div class=\"elementor-element elementor-element-8f29ef4 e-con-full e-flex e-con e-parent\" data-id=\"8f29ef4\" data-element_type=\"container\" data-e-type=\"container\" data-settings=\"{&quot;background_background&quot;:&quot;classic&quot;}\">\n\t\t<div class=\"elementor-element elementor-element-e8f708b e-con-full e-flex e-con e-child\" data-id=\"e8f708b\" data-element_type=\"container\" data-e-type=\"container\">\n\t\t\t\t<div class=\"elementor-element elementor-element-832593c elementor-widget elementor-widget-heading\" data-id=\"832593c\" data-element_type=\"widget\" data-e-type=\"widget\" data-widget_type=\"heading.default\">\n\t\t\t\t<div class=\"elementor-widget-container\">\n\t\t\t\t\t<h3 class=\"elementor-heading-title elementor-size-default\">Hochzeitstorte und Blumen<\/h3>\t\t\t\t<\/div>\n\t\t\t\t<\/div>\n\t\t\t\t<div class=\"elementor-element elementor-element-a431cb9 elementor-widget__width-initial elementor-widget elementor-widget-text-editor\" data-id=\"a431cb9\" data-element_type=\"widget\" data-e-type=\"widget\" data-widget_type=\"text-editor.default\">\n\t\t\t\t<div class=\"elementor-widget-container\">\n\t\t\t\t\t\t\t\t\t<p>F\u00fcr dieses Hochzeitskonzept in Tirol wurde bewusst auf eine ausgefallene Hochzeitstorte gesetzt \u2013 modern interpretiert und ein echter Hingucker, der sofort ins Auge f\u00e4llt. Sie zieht nicht nur die Blicke auf sich, sondern spiegelt auch das Gesamtkonzept: stilvoll, elegant und durchdacht bis ins kleinste Detail. Erg\u00e4nzt wurde sie durch liebevoll abgestimmte Sweet Table Highlights \u2013 zarte Macarons, verf\u00fchrerisch mit Schokolade \u00fcberzogene Erdbeeren und weitere kleine Leckereien, die das s\u00fc\u00dfe Ensemble harmonisch abrundeten und perfekt zur Farb- und Dekorpalette passten.<\/p><p>Auch beim Blumendesign wurde ein moderner, nat\u00fcrlicher Ansatz gew\u00e4hlt: Statt klassisch streng gebundener Str\u00e4u\u00dfe entstanden locker wirkende Arrangements, die dennoch elegant und durchdacht wirken. Der Brautstrau\u00df, die Tischdekoration und florale Akzente im Raum wirken dadurch lebendig, leicht und individuell \u2013 perfekt f\u00fcr Paare, die florale Gestaltung mit einem Hauch Nat\u00fcrlichkeit und pers\u00f6nlicher Note sch\u00e4tzen.<\/p><p>Dieses Konzept zeigt, wie moderne Hochzeitsplanung in Tirol aussieht: ein harmonisches Zusammenspiel aus Design, Geschmack und floraler Leichtigkeit, das Inspiration f\u00fcr alle bietet, die sich eine stilvolle, durchdachte und unvergessliche Hochzeit w\u00fcnschen.<\/p>\t\t\t\t\t\t\t\t<\/div>\n\t\t\t\t<\/div>\n\t\t\t\t<div class=\"elementor-element elementor-element-a310ad0 elementor-align-center elementor-widget elementor-widget-button\" data-id=\"a310ad0\" data-element_type=\"widget\" data-e-type=\"widget\" data-widget_type=\"button.default\">\n\t\t\t\t<div class=\"elementor-widget-container\">\n\t\t\t\t\t\t\t\t\t<div class=\"elementor-button-wrapper\">\n\t\t\t\t\t<a class=\"elementor-button elementor-button-link elementor-size-sm\" href=\"https:\/\/purelegance-weddings.de\/en\/beratungsgespraech-vereinbaren\/\" target=\"_blank\">\n\t\t\t\t\t\t<span class=\"elementor-button-content-wrapper\">\n\t\t\t\t\t\t\t\t\t<span class=\"elementor-button-text\">Kostenlose Beratung anfragen<\/span>\n\t\t\t\t\t<\/span>\n\t\t\t\t\t<\/a>\n\t\t\t\t<\/div>\n\t\t\t\t\t\t\t\t<\/div>\n\t\t\t\t<\/div>\n\t\t\t\t<\/div>\n\t\t\t\t<\/div>\n\t\t\t\t<\/div>","protected":false},"excerpt":{"rendered":"<p>Styled Shoot in Innsbruck Shootingdetails Steckbrief Location: Bergisel Jahreszeit: Fr\u00fchling (M\u00e4rz) Farbkonzept: Schwarz, Wei\u00df,\u00a0 Beige, Rose Brautkleid: Rina Braut Konzept Anzug: Verena Van Leur-Wallmann Styling: Hair and Face by Melanie H\u00f6ller Blumen: Augenweide Events Sweets &amp; Hochzeitstorte: Tortennascherei Fotografie: Inn Frame und Bergstadtmomente Das Konzept Dieses Styled Shoot in Tirol verk\u00f6rpert klassische Eleganz \u2013 neu [&hellip;]<\/p>\n","protected":false},"author":1,"featured_media":0,"parent":0,"menu_order":0,"comment_status":"closed","ping_status":"closed","template":"elementor_header_footer","meta":{"footnotes":""},"class_list":["post-10944","page","type-page","status-publish","hentry"],"_links":{"self":[{"href":"https:\/\/purelegance-weddings.de\/en\/wp-json\/wp\/v2\/pages\/10944","targetHints":{"allow":["GET"]}}],"collection":[{"href":"https:\/\/purelegance-weddings.de\/en\/wp-json\/wp\/v2\/pages"}],"about":[{"href":"https:\/\/purelegance-weddings.de\/en\/wp-json\/wp\/v2\/types\/page"}],"author":[{"embeddable":true,"href":"https:\/\/purelegance-weddings.de\/en\/wp-json\/wp\/v2\/users\/1"}],"replies":[{"embeddable":true,"href":"https:\/\/purelegance-weddings.de\/en\/wp-json\/wp\/v2\/comments?post=10944"}],"version-history":[{"count":94,"href":"https:\/\/purelegance-weddings.de\/en\/wp-json\/wp\/v2\/pages\/10944\/revisions"}],"predecessor-version":[{"id":13026,"href":"https:\/\/purelegance-weddings.de\/en\/wp-json\/wp\/v2\/pages\/10944\/revisions\/13026"}],"wp:attachment":[{"href":"https:\/\/purelegance-weddings.de\/en\/wp-json\/wp\/v2\/media?parent=10944"}],"curies":[{"name":"wp","href":"https:\/\/api.w.org\/{rel}","templated":true}]}}