{"id":10869,"date":"2025-05-20T19:17:00","date_gmt":"2025-05-20T19:17:00","guid":{"rendered":"https:\/\/purelegance-weddings.de\/?page_id=10869"},"modified":"2025-12-05T10:13:06","modified_gmt":"2025-12-05T10:13:06","slug":"styled-shoot-fulda","status":"publish","type":"page","link":"https:\/\/purelegance-weddings.de\/en\/styled-shoot-fulda\/","title":{"rendered":"Styled Shoot Fulda"},"content":{"rendered":"<div data-elementor-type=\"wp-page\" data-elementor-id=\"10869\" class=\"elementor elementor-10869\" data-elementor-post-type=\"page\">\n\t\t\t\t<div class=\"elementor-element elementor-element-df44f2b e-con-full e-flex e-con e-parent\" data-id=\"df44f2b\" data-element_type=\"container\" data-e-type=\"container\" data-settings=\"{&quot;background_background&quot;:&quot;classic&quot;}\">\n\t\t\t\t<div class=\"elementor-element elementor-element-d64d981 elementor-widget elementor-widget-heading\" data-id=\"d64d981\" data-element_type=\"widget\" data-e-type=\"widget\" data-widget_type=\"heading.default\">\n\t\t\t\t<div class=\"elementor-widget-container\">\n\t\t\t\t\t<h1 class=\"elementor-heading-title elementor-size-default\">Styled Shoot in Fulda<\/h1>\t\t\t\t<\/div>\n\t\t\t\t<\/div>\n\t\t\t\t<\/div>\n\t\t<div class=\"elementor-element elementor-element-d1ab3ca e-con-full e-flex e-con e-parent\" data-id=\"d1ab3ca\" data-element_type=\"container\" data-e-type=\"container\" data-settings=\"{&quot;background_background&quot;:&quot;classic&quot;}\">\n\t\t<div class=\"elementor-element elementor-element-44fd138 e-con-full e-flex e-con e-child\" data-id=\"44fd138\" data-element_type=\"container\" data-e-type=\"container\">\n\t\t\t\t<div class=\"elementor-element elementor-element-afe6a87 elementor-widget elementor-widget-heading\" data-id=\"afe6a87\" data-element_type=\"widget\" data-e-type=\"widget\" data-widget_type=\"heading.default\">\n\t\t\t\t<div class=\"elementor-widget-container\">\n\t\t\t\t\t<h3 class=\"elementor-heading-title elementor-size-default\">Shootingdetails<\/h3>\t\t\t\t<\/div>\n\t\t\t\t<\/div>\n\t\t<div class=\"elementor-element elementor-element-348997b e-con-full e-flex e-con e-child\" data-id=\"348997b\" data-element_type=\"container\" data-e-type=\"container\">\n\t\t\t\t<div class=\"elementor-element elementor-element-c37248b elementor-widget elementor-widget-heading\" data-id=\"c37248b\" data-element_type=\"widget\" data-e-type=\"widget\" data-widget_type=\"heading.default\">\n\t\t\t\t<div class=\"elementor-widget-container\">\n\t\t\t\t\t<h2 class=\"elementor-heading-title elementor-size-default\">Steckbrief<\/h2>\t\t\t\t<\/div>\n\t\t\t\t<\/div>\n\t\t\t\t<div class=\"elementor-element elementor-element-caccfe7 elementor-widget elementor-widget-text-editor\" data-id=\"caccfe7\" data-element_type=\"widget\" data-e-type=\"widget\" data-widget_type=\"text-editor.default\">\n\t\t\t\t<div class=\"elementor-widget-container\">\n\t\t\t\t\t\t\t\t\t<p><strong>Location:<\/strong> Probstei Johannesberg<\/p><p><strong>Jahreszeit:<\/strong> Fr\u00fchling (April)<\/p><p><strong>Farbkonzept:<\/strong> Wei\u00df, Blau<\/p><p><strong>Brautkleid:<\/strong> The One<\/p><p><strong>Styling:<\/strong>\u00a0Feinheit &#8211; Tanja Martin<\/p><p><strong>Blumen:<\/strong> Fr\u00e4ulein Bee<\/p><p><strong>Fotografie:<\/strong> Steffi Mertens Fotografie und Natalie Fleckenstein Fotografie<\/p>\t\t\t\t\t\t\t\t<\/div>\n\t\t\t\t<\/div>\n\t\t\t\t<\/div>\n\t\t\t\t<\/div>\n\t\t<div class=\"elementor-element elementor-element-3657c47 e-con-full e-flex e-con e-child\" data-id=\"3657c47\" data-element_type=\"container\" data-e-type=\"container\">\n\t\t\t\t<div class=\"elementor-element elementor-element-58db814 elementor-widget__width-initial elementor-widget elementor-widget-image\" data-id=\"58db814\" data-element_type=\"widget\" data-e-type=\"widget\" data-widget_type=\"image.default\">\n\t\t\t\t<div class=\"elementor-widget-container\">\n\t\t\t\t\t\t\t\t\t\t\t\t\t\t\t<img fetchpriority=\"high\" decoding=\"async\" width=\"682\" height=\"1024\" src=\"https:\/\/purelegance-weddings.de\/wp-content\/uploads\/2025\/07\/Hochzeit-Shooting-im-Regen-682x1024.png\" class=\"attachment-large size-large wp-image-11149\" alt=\"Brautpaar k\u00fcsst sich im Regen\" srcset=\"https:\/\/purelegance-weddings.de\/wp-content\/uploads\/2025\/07\/Hochzeit-Shooting-im-Regen-682x1024.png 682w, https:\/\/purelegance-weddings.de\/wp-content\/uploads\/2025\/07\/Hochzeit-Shooting-im-Regen-200x300.png 200w, https:\/\/purelegance-weddings.de\/wp-content\/uploads\/2025\/07\/Hochzeit-Shooting-im-Regen-768x1152.png 768w, https:\/\/purelegance-weddings.de\/wp-content\/uploads\/2025\/07\/Hochzeit-Shooting-im-Regen-1024x1536.png 1024w, https:\/\/purelegance-weddings.de\/wp-content\/uploads\/2025\/07\/Hochzeit-Shooting-im-Regen-8x12.png 8w, https:\/\/purelegance-weddings.de\/wp-content\/uploads\/2025\/07\/Hochzeit-Shooting-im-Regen.png 1181w\" sizes=\"(max-width: 682px) 100vw, 682px\" \/>\t\t\t\t\t\t\t\t\t\t\t\t\t\t\t<\/div>\n\t\t\t\t<\/div>\n\t\t\t\t<div class=\"elementor-element elementor-element-088fa8c elementor-widget__width-initial elementor-widget elementor-widget-image\" data-id=\"088fa8c\" data-element_type=\"widget\" data-e-type=\"widget\" data-widget_type=\"image.default\">\n\t\t\t\t<div class=\"elementor-widget-container\">\n\t\t\t\t\t\t\t\t\t\t\t\t\t\t\t<img decoding=\"async\" src=\"https:\/\/purelegance-weddings.de\/wp-content\/uploads\/2024\/05\/158-Styled-Shoot-reduziert.jpg\" title=\"\" alt=\"\" loading=\"lazy\" \/>\t\t\t\t\t\t\t\t\t\t\t\t\t\t\t<\/div>\n\t\t\t\t<\/div>\n\t\t\t\t<div class=\"elementor-element elementor-element-4d4e003 elementor-widget__width-initial elementor-widget elementor-widget-image\" data-id=\"4d4e003\" data-element_type=\"widget\" data-e-type=\"widget\" data-widget_type=\"image.default\">\n\t\t\t\t<div class=\"elementor-widget-container\">\n\t\t\t\t\t\t\t\t\t\t\t\t\t\t\t<img decoding=\"async\" width=\"800\" height=\"534\" src=\"https:\/\/purelegance-weddings.de\/wp-content\/uploads\/2025\/07\/Brautpaar-an-der-Bar-1024x683.png\" class=\"attachment-large size-large wp-image-11150\" alt=\"Brautpaar auf Hochzeitsfeier\" srcset=\"https:\/\/purelegance-weddings.de\/wp-content\/uploads\/2025\/07\/Brautpaar-an-der-Bar-1024x683.png 1024w, https:\/\/purelegance-weddings.de\/wp-content\/uploads\/2025\/07\/Brautpaar-an-der-Bar-300x200.png 300w, https:\/\/purelegance-weddings.de\/wp-content\/uploads\/2025\/07\/Brautpaar-an-der-Bar-768x512.png 768w, https:\/\/purelegance-weddings.de\/wp-content\/uploads\/2025\/07\/Brautpaar-an-der-Bar-1536x1024.png 1536w, https:\/\/purelegance-weddings.de\/wp-content\/uploads\/2025\/07\/Brautpaar-an-der-Bar-2048x1366.png 2048w, https:\/\/purelegance-weddings.de\/wp-content\/uploads\/2025\/07\/Brautpaar-an-der-Bar-18x12.png 18w\" sizes=\"(max-width: 800px) 100vw, 800px\" \/>\t\t\t\t\t\t\t\t\t\t\t\t\t\t\t<\/div>\n\t\t\t\t<\/div>\n\t\t\t\t<\/div>\n\t\t\t\t<\/div>\n\t\t<div class=\"elementor-element elementor-element-4c6378d e-con-full e-flex e-con e-parent\" data-id=\"4c6378d\" data-element_type=\"container\" data-e-type=\"container\" data-settings=\"{&quot;background_background&quot;:&quot;classic&quot;}\">\n\t\t<div class=\"elementor-element elementor-element-8931fd2 e-con-full e-flex e-con e-child\" data-id=\"8931fd2\" data-element_type=\"container\" data-e-type=\"container\">\n\t\t\t\t<div class=\"elementor-element elementor-element-23e185c elementor-widget elementor-widget-heading\" data-id=\"23e185c\" data-element_type=\"widget\" data-e-type=\"widget\" data-widget_type=\"heading.default\">\n\t\t\t\t<div class=\"elementor-widget-container\">\n\t\t\t\t\t<h3 class=\"elementor-heading-title elementor-size-default\">Das Konzept<\/h3>\t\t\t\t<\/div>\n\t\t\t\t<\/div>\n\t\t\t\t<div class=\"elementor-element elementor-element-71eb51b elementor-widget__width-initial elementor-widget elementor-widget-text-editor\" data-id=\"71eb51b\" data-element_type=\"widget\" data-e-type=\"widget\" data-widget_type=\"text-editor.default\">\n\t\t\t\t<div class=\"elementor-widget-container\">\n\t\t\t\t\t\t\t\t\t<p>Dieses Styled Shoot zeigt, wie eine Hochzeit in Fulda modern-elegant gestaltet werden kann \u2013 in k\u00fchlen Blau-, Grau- und Wei\u00dft\u00f6nen, die f\u00fcr Ruhe, Stil und zeitgem\u00e4\u00dfe Frische sorgen. Klare Linien, feine Kontraste und unterschiedliche Materialien schaffen eine harmonische Balance zwischen Minimalismus und W\u00e4rme.<\/p><p>F\u00fcr alle, die ihre Hochzeitsplanung modern, klar und dennoch pers\u00f6nlich gestalten m\u00f6chten, liefert dieses Konzept viele Ideen: von der Farbwahl \u00fcber Dekoration bis hin zur Atmosph\u00e4re, die Eure Feier unvergesslich macht.<\/p><p>Lasst Euch inspirieren und entdeckt, wie ein puristischer Look mit liebevollen Details Eure Hochzeit zu einem ganz besonderen Erlebnis werden l\u00e4sst. Diese Hochzeitsinspiration ist perfekt f\u00fcr Paare, die Wert auf Stil, Pers\u00f6nlichkeit und ein stimmiges Gesamtkonzept legen.<\/p>\t\t\t\t\t\t\t\t<\/div>\n\t\t\t\t<\/div>\n\t\t\t\t<div class=\"elementor-element elementor-element-f837d15 elementor-align-center elementor-widget elementor-widget-button\" data-id=\"f837d15\" data-element_type=\"widget\" data-e-type=\"widget\" data-widget_type=\"button.default\">\n\t\t\t\t<div class=\"elementor-widget-container\">\n\t\t\t\t\t\t\t\t\t<div class=\"elementor-button-wrapper\">\n\t\t\t\t\t<a class=\"elementor-button elementor-button-link elementor-size-sm\" href=\"https:\/\/purelegance-weddings.de\/en\/beratungsgespraech-vereinbaren\/\" target=\"_blank\">\n\t\t\t\t\t\t<span class=\"elementor-button-content-wrapper\">\n\t\t\t\t\t\t\t\t\t<span class=\"elementor-button-text\">Kostenlose Beratung anfragen<\/span>\n\t\t\t\t\t<\/span>\n\t\t\t\t\t<\/a>\n\t\t\t\t<\/div>\n\t\t\t\t\t\t\t\t<\/div>\n\t\t\t\t<\/div>\n\t\t\t\t<\/div>\n\t\t\t\t<\/div>\n\t\t<div class=\"elementor-element elementor-element-ef62fab e-flex e-con-boxed e-con e-parent\" data-id=\"ef62fab\" data-element_type=\"container\" data-e-type=\"container\">\n\t\t\t\t\t<div class=\"e-con-inner\">\n\t\t\t\t\t<\/div>\n\t\t\t\t<\/div>\n\t\t<div class=\"elementor-element elementor-element-8c1f538 e-con-full e-flex e-con e-parent\" data-id=\"8c1f538\" data-element_type=\"container\" data-e-type=\"container\" data-settings=\"{&quot;background_background&quot;:&quot;classic&quot;}\">\n\t\t<div class=\"elementor-element elementor-element-a0e1661 e-con-full e-flex e-con e-child\" data-id=\"a0e1661\" data-element_type=\"container\" data-e-type=\"container\">\n\t\t\t\t<div class=\"elementor-element elementor-element-a056af1 elementor-widget elementor-widget-heading\" data-id=\"a056af1\" data-element_type=\"widget\" data-e-type=\"widget\" data-widget_type=\"heading.default\">\n\t\t\t\t<div class=\"elementor-widget-container\">\n\t\t\t\t\t<h3 class=\"elementor-heading-title elementor-size-default\">Details zum Styling<\/h3>\t\t\t\t<\/div>\n\t\t\t\t<\/div>\n\t\t\t\t<div class=\"elementor-element elementor-element-fa4371f elementor-widget__width-initial elementor-widget elementor-widget-text-editor\" data-id=\"fa4371f\" data-element_type=\"widget\" data-e-type=\"widget\" data-widget_type=\"text-editor.default\">\n\t\t\t\t<div class=\"elementor-widget-container\">\n\t\t\t\t\t\t\t\t\t<p>Dieses Brautstyling-Konzept zeigt, wie moderne Mode und klassische Elemente zu einem selbstbewussten, stilvollen Look verschmelzen k\u00f6nnen. Im Mittelpunkt steht ein kurzes Brautkleid mit auff\u00e4lligen Puff\u00e4rmeln \u2013 ein echtes Statement f\u00fcr Br\u00e4ute, die keine Kompromisse zwischen Eleganz und Individualit\u00e4t machen m\u00f6chten.<\/p><p>Das Design ist klar, aber alles andere als zur\u00fcckhaltend: Die besondere Silhouette des Kleides bringt Drama und Modernit\u00e4t in den Look, ohne auf Stil und Hochwertigkeit zu verzichten. Erg\u00e4nzt wird das Outfit durch trendige Brautschuhe mit besonderem Twist \u2013 sie verleihen dem Styling eine l\u00e4ssige Coolness.<\/p><p>Ein feiner Birdcage-Veil bringt Vintage-Flair ins Spiel und sorgt f\u00fcr eine spannende Balance zwischen klassischer Romantik und moderner Interpretation.<\/p><p>Die Frisur bleibt bewusst schlicht \u2013 locker gesteckt oder sleek zur\u00fcckgenommen, damit das Kleid und die Accessoires im Fokus stehen.<\/p><p>Das Make-up ist klar und reduziert, mit einem frischen Teint und betonten Augen \u2013 so entsteht ein Look, der selbstbewusst, stilvoll und gleichzeitig leicht wirkt. Der Br\u00e4utigam tr\u00e4gt einen hellbeigen Anzug, modern geschnitten und clean kombiniert \u2013 die perfekte Erg\u00e4nzung zu diesem modernen Brautstyling.<\/p><p>Ein Gesamtkonzept f\u00fcr alle, die bei ihrer Hochzeit modisch denken, Trends lieben und dennoch auf eine klare, elegante Linie setzen.<\/p>\t\t\t\t\t\t\t\t<\/div>\n\t\t\t\t<\/div>\n\t\t\t\t<div class=\"elementor-element elementor-element-9df99f8 elementor-align-center elementor-widget elementor-widget-button\" data-id=\"9df99f8\" data-element_type=\"widget\" data-e-type=\"widget\" data-widget_type=\"button.default\">\n\t\t\t\t<div class=\"elementor-widget-container\">\n\t\t\t\t\t\t\t\t\t<div class=\"elementor-button-wrapper\">\n\t\t\t\t\t<a class=\"elementor-button elementor-button-link elementor-size-sm\" href=\"https:\/\/purelegance-weddings.de\/en\/beratungsgespraech-vereinbaren\/\" target=\"_blank\">\n\t\t\t\t\t\t<span class=\"elementor-button-content-wrapper\">\n\t\t\t\t\t\t\t\t\t<span class=\"elementor-button-text\">Kostenlose Beratung anfragen<\/span>\n\t\t\t\t\t<\/span>\n\t\t\t\t\t<\/a>\n\t\t\t\t<\/div>\n\t\t\t\t\t\t\t\t<\/div>\n\t\t\t\t<\/div>\n\t\t\t\t<\/div>\n\t\t\t\t<\/div>\n\t\t<div class=\"elementor-element elementor-element-0a4b816 e-flex e-con-boxed e-con e-parent\" data-id=\"0a4b816\" data-element_type=\"container\" data-e-type=\"container\">\n\t\t\t\t\t<div class=\"e-con-inner\">\n\t\t\t\t\t<\/div>\n\t\t\t\t<\/div>\n\t\t<div class=\"elementor-element elementor-element-78a2f13 e-con-full e-flex e-con e-parent\" data-id=\"78a2f13\" data-element_type=\"container\" data-e-type=\"container\" data-settings=\"{&quot;background_background&quot;:&quot;classic&quot;}\">\n\t\t<div class=\"elementor-element elementor-element-e3ae074 e-con-full e-flex e-con e-child\" data-id=\"e3ae074\" data-element_type=\"container\" data-e-type=\"container\">\n\t\t\t\t<div class=\"elementor-element elementor-element-145d5b3 elementor-widget elementor-widget-heading\" data-id=\"145d5b3\" data-element_type=\"widget\" data-e-type=\"widget\" data-widget_type=\"heading.default\">\n\t\t\t\t<div class=\"elementor-widget-container\">\n\t\t\t\t\t<h3 class=\"elementor-heading-title elementor-size-default\">Blumen und Deko<\/h3>\t\t\t\t<\/div>\n\t\t\t\t<\/div>\n\t\t\t\t<div class=\"elementor-element elementor-element-a937104 elementor-widget__width-initial elementor-widget elementor-widget-text-editor\" data-id=\"a937104\" data-element_type=\"widget\" data-e-type=\"widget\" data-widget_type=\"text-editor.default\">\n\t\t\t\t<div class=\"elementor-widget-container\">\n\t\t\t\t\t\t\t\t\t<p>Bei Blumen und Dekoration dieses Styled Shoots wurde bewusst auf eine besondere, moderne Farbwelt gesetzt: Rauchiges Blau kombiniert mit klassischem Wei\u00df verleiht dem Konzept Frische, Eleganz und zeitgem\u00e4\u00dfe Modernit\u00e4t. Diese Farbkombination sorgt nicht nur f\u00fcr einen klaren, stilvollen Gesamteindruck, sondern schafft auch eine Atmosph\u00e4re, die sowohl ruhig als auch inspirierend wirkt \u2013 ideal f\u00fcr alle Paare, die sich eine Hochzeit in Fulda w\u00fcnschen, die bewusst abseits der \u00fcblichen Pastellt\u00f6ne gestaltet ist.<\/p><p>Die gew\u00e4hlten Formen sind schlicht, die Details gezielt ausgew\u00e4hlt, sodass jedes Element die moderne Eleganz des Konzepts unterst\u00fctzt. Von den floralen Arrangements bis zur Tischdekoration entsteht so ein harmonisches Bild, das Minimalismus mit warmen, pers\u00f6nlichen Akzenten verbindet. Dieses Zusammenspiel zeigt, wie durchdachte Hochzeitsplanung aus Farbe, Material und Design eine unvergessliche Stimmung erzeugt.<\/p><p>Die Kombination aus klaren Linien, ausgew\u00e4hlten Details und der eleganten Farbpalette liefert nicht nur Inspiration f\u00fcr Eure eigene Feier, sondern verdeutlicht auch, wie moderne Hochzeitsinspiration zeitlos wirken kann und Eure Hochzeit zu etwas ganz Besonderem macht.<\/p>\t\t\t\t\t\t\t\t<\/div>\n\t\t\t\t<\/div>\n\t\t\t\t<div class=\"elementor-element elementor-element-cea484e elementor-align-center elementor-widget elementor-widget-button\" data-id=\"cea484e\" data-element_type=\"widget\" data-e-type=\"widget\" data-widget_type=\"button.default\">\n\t\t\t\t<div class=\"elementor-widget-container\">\n\t\t\t\t\t\t\t\t\t<div class=\"elementor-button-wrapper\">\n\t\t\t\t\t<a class=\"elementor-button elementor-button-link elementor-size-sm\" href=\"https:\/\/purelegance-weddings.de\/en\/beratungsgespraech-vereinbaren\/\" target=\"_blank\">\n\t\t\t\t\t\t<span class=\"elementor-button-content-wrapper\">\n\t\t\t\t\t\t\t\t\t<span class=\"elementor-button-text\">Kostenlose Beratung anfragen<\/span>\n\t\t\t\t\t<\/span>\n\t\t\t\t\t<\/a>\n\t\t\t\t<\/div>\n\t\t\t\t\t\t\t\t<\/div>\n\t\t\t\t<\/div>\n\t\t\t\t<\/div>\n\t\t\t\t<\/div>\n\t\t<div class=\"elementor-element elementor-element-5f3daa3 e-flex e-con-boxed e-con e-parent\" data-id=\"5f3daa3\" data-element_type=\"container\" data-e-type=\"container\">\n\t\t\t\t\t<div class=\"e-con-inner\">\n\t\t\t\t\t<\/div>\n\t\t\t\t<\/div>\n\t\t\t\t<\/div>","protected":false},"excerpt":{"rendered":"<p>Styled Shoot in Fulda Shootingdetails Steckbrief Location: Probstei Johannesberg Jahreszeit: Fr\u00fchling (April) Farbkonzept: Wei\u00df, Blau Brautkleid: The One Styling:\u00a0Feinheit &#8211; Tanja Martin Blumen: Fr\u00e4ulein Bee Fotografie: Steffi Mertens Fotografie und Natalie Fleckenstein Fotografie Das Konzept Dieses Styled Shoot zeigt, wie eine Hochzeit in Fulda modern-elegant gestaltet werden kann \u2013 in k\u00fchlen Blau-, Grau- und Wei\u00dft\u00f6nen, [&hellip;]<\/p>\n","protected":false},"author":1,"featured_media":0,"parent":0,"menu_order":0,"comment_status":"closed","ping_status":"closed","template":"elementor_header_footer","meta":{"footnotes":""},"class_list":["post-10869","page","type-page","status-publish","hentry"],"_links":{"self":[{"href":"https:\/\/purelegance-weddings.de\/en\/wp-json\/wp\/v2\/pages\/10869","targetHints":{"allow":["GET"]}}],"collection":[{"href":"https:\/\/purelegance-weddings.de\/en\/wp-json\/wp\/v2\/pages"}],"about":[{"href":"https:\/\/purelegance-weddings.de\/en\/wp-json\/wp\/v2\/types\/page"}],"author":[{"embeddable":true,"href":"https:\/\/purelegance-weddings.de\/en\/wp-json\/wp\/v2\/users\/1"}],"replies":[{"embeddable":true,"href":"https:\/\/purelegance-weddings.de\/en\/wp-json\/wp\/v2\/comments?post=10869"}],"version-history":[{"count":71,"href":"https:\/\/purelegance-weddings.de\/en\/wp-json\/wp\/v2\/pages\/10869\/revisions"}],"predecessor-version":[{"id":12522,"href":"https:\/\/purelegance-weddings.de\/en\/wp-json\/wp\/v2\/pages\/10869\/revisions\/12522"}],"wp:attachment":[{"href":"https:\/\/purelegance-weddings.de\/en\/wp-json\/wp\/v2\/media?parent=10869"}],"curies":[{"name":"wp","href":"https:\/\/api.w.org\/{rel}","templated":true}]}}