{"id":10825,"date":"2025-05-18T09:16:57","date_gmt":"2025-05-18T09:16:57","guid":{"rendered":"https:\/\/purelegance-weddings.de\/?page_id=10825"},"modified":"2026-01-15T15:13:38","modified_gmt":"2026-01-15T15:13:38","slug":"inspirationen","status":"publish","type":"page","link":"https:\/\/purelegance-weddings.de\/en\/inspirationen\/","title":{"rendered":"Inspirationen"},"content":{"rendered":"\t\t<div data-elementor-type=\"wp-page\" data-elementor-id=\"10825\" class=\"elementor elementor-10825\" data-elementor-post-type=\"page\">\n\t\t\t\t<div class=\"elementor-element elementor-element-68f2eeb e-con-full e-flex e-con e-parent\" data-id=\"68f2eeb\" data-element_type=\"container\" data-e-type=\"container\" data-settings=\"{&quot;background_background&quot;:&quot;classic&quot;}\">\n\t\t\t\t<div class=\"elementor-element elementor-element-8e25662 elementor-widget-mobile__width-initial elementor-widget elementor-widget-heading\" data-id=\"8e25662\" data-element_type=\"widget\" data-e-type=\"widget\" data-widget_type=\"heading.default\">\n\t\t\t\t<div class=\"elementor-widget-container\">\n\t\t\t\t\t<h1 class=\"elementor-heading-title elementor-size-default\">Get Some Inspirations<\/h1>\t\t\t\t<\/div>\n\t\t\t\t<\/div>\n\t\t\t\t<\/div>\n\t\t<div class=\"elementor-element elementor-element-90a4169 e-con-full e-flex e-con e-parent\" data-id=\"90a4169\" data-element_type=\"container\" data-e-type=\"container\" data-settings=\"{&quot;background_background&quot;:&quot;classic&quot;}\">\n\t\t<div class=\"elementor-element elementor-element-094dce1 e-con-full e-flex e-con e-child\" data-id=\"094dce1\" data-element_type=\"container\" data-e-type=\"container\">\n\t\t\t\t<div class=\"elementor-element elementor-element-a3fb227 elementor-widget-tablet__width-initial elementor-widget elementor-widget-heading\" data-id=\"a3fb227\" data-element_type=\"widget\" data-e-type=\"widget\" data-widget_type=\"heading.default\">\n\t\t\t\t<div class=\"elementor-widget-container\">\n\t\t\t\t\t<h2 class=\"elementor-heading-title elementor-size-default\">Echte Hochzeiten &amp; Hochzeits&shy;inpirationen<\/h2>\t\t\t\t<\/div>\n\t\t\t\t<\/div>\n\t\t\t\t<div class=\"elementor-element elementor-element-ac368a0 elementor-widget-tablet__width-initial elementor-widget__width-initial elementor-widget elementor-widget-text-editor\" data-id=\"ac368a0\" data-element_type=\"widget\" data-e-type=\"widget\" data-widget_type=\"text-editor.default\">\n\t\t\t\t<div class=\"elementor-widget-container\">\n\t\t\t\t\t\t\t\t\t<p>Tauche ein in die Welt einzigartiger Hochzeitsinspirationen \u2013 liebevoll zusammengestellt f\u00fcr Paare, die das Besondere suchen. Hier findest du kreative Hochzeitskonzepte, echte Hochzeiten und stilvolle Ideen, die deine Hochzeitsplanung bereichern. Von romantischen Looks bis hin zu eleganten Farbpaletten \u2013 lass dich inspirieren von realen Hochzeiten und durchdachten Konzepten aus der Praxis als Hochzeitsplanerin. Jede Inspiration zeigt dir neue M\u00f6glichkeiten, wie dein gro\u00dfer Tag unvergesslich werden kann.\u00a0<\/p><p>St\u00f6bere durch echte Hochzeiten oder entdecke thematische Stilwelten f\u00fcr deine pers\u00f6nliche Inspiration zur Hochzeit.<\/p>\t\t\t\t\t\t\t\t<\/div>\n\t\t\t\t<\/div>\n\t\t\t\t<div class=\"elementor-element elementor-element-60ce16d elementor-align-center elementor-widget elementor-widget-button\" data-id=\"60ce16d\" data-element_type=\"widget\" data-e-type=\"widget\" data-widget_type=\"button.default\">\n\t\t\t\t<div class=\"elementor-widget-container\">\n\t\t\t\t\t\t\t\t\t<div class=\"elementor-button-wrapper\">\n\t\t\t\t\t<a class=\"elementor-button elementor-button-link elementor-size-sm\" href=\"https:\/\/purelegance-weddings.de\/beratungsgespraech-vereinbaren\/\" target=\"_blank\">\n\t\t\t\t\t\t<span class=\"elementor-button-content-wrapper\">\n\t\t\t\t\t\t\t\t\t<span class=\"elementor-button-text\">Kostenlose Beratung anfragen<\/span>\n\t\t\t\t\t<\/span>\n\t\t\t\t\t<\/a>\n\t\t\t\t<\/div>\n\t\t\t\t\t\t\t\t<\/div>\n\t\t\t\t<\/div>\n\t\t\t\t<\/div>\n\t\t\t\t<\/div>\n\t\t<div class=\"elementor-element elementor-element-dbeaf9d e-con-full e-flex e-con e-parent\" data-id=\"dbeaf9d\" data-element_type=\"container\" data-e-type=\"container\" data-settings=\"{&quot;background_background&quot;:&quot;classic&quot;}\">\n\t\t<div class=\"elementor-element elementor-element-7965a6f e-con-full e-flex e-con e-child\" data-id=\"7965a6f\" data-element_type=\"container\" data-e-type=\"container\">\n\t\t\t\t<div class=\"elementor-element elementor-element-8664344 elementor-widget elementor-widget-heading\" data-id=\"8664344\" data-element_type=\"widget\" data-e-type=\"widget\" data-widget_type=\"heading.default\">\n\t\t\t\t<div class=\"elementor-widget-container\">\n\t\t\t\t\t<h2 class=\"elementor-heading-title elementor-size-default\">Ja sagen mit Alpenblick - Styled Shoot in Innsbruck<\/h2>\t\t\t\t<\/div>\n\t\t\t\t<\/div>\n\t\t\t\t<div class=\"elementor-element elementor-element-e84c462 elementor-widget__width-initial elementor-widget elementor-widget-text-editor\" data-id=\"e84c462\" data-element_type=\"widget\" data-e-type=\"widget\" data-widget_type=\"text-editor.default\">\n\t\t\t\t<div class=\"elementor-widget-container\">\n\t\t\t\t\t\t\t\t\t<p>Eingebettet in die majest\u00e4tische Kulisse der Tiroler Alpen bietet Innsbruck den perfekten Rahmen f\u00fcr unvergessliche Hochzeitsmomente. Ob romantische Zeremonie mit Bergblick, stilvolle Feier in historischen Gem\u00e4uern oder ausgelassene Stimmung unter freiem Himmel \u2013 diese Impressionen zeigen, wie einzigartig und stimmungsvoll dein gro\u00dfer Tag in Innsbruck sein kann.<\/p>\t\t\t\t\t\t\t\t<\/div>\n\t\t\t\t<\/div>\n\t\t\t\t<div class=\"elementor-element elementor-element-07fdced elementor-align-left elementor-mobile-align-center elementor-tablet-align-center elementor-widget elementor-widget-button\" data-id=\"07fdced\" data-element_type=\"widget\" data-e-type=\"widget\" data-widget_type=\"button.default\">\n\t\t\t\t<div class=\"elementor-widget-container\">\n\t\t\t\t\t\t\t\t\t<div class=\"elementor-button-wrapper\">\n\t\t\t\t\t<a class=\"elementor-button elementor-button-link elementor-size-sm\" href=\"https:\/\/purelegance-weddings.de\/styled-shoot-in-innsbruck\/\" target=\"_blank\">\n\t\t\t\t\t\t<span class=\"elementor-button-content-wrapper\">\n\t\t\t\t\t\t\t\t\t<span class=\"elementor-button-text\">Zur Inspiration<\/span>\n\t\t\t\t\t<\/span>\n\t\t\t\t\t<\/a>\n\t\t\t\t<\/div>\n\t\t\t\t\t\t\t\t<\/div>\n\t\t\t\t<\/div>\n\t\t\t\t<\/div>\n\t\t<div class=\"elementor-element elementor-element-40d06f5 e-con-full e-flex e-con e-child\" data-id=\"40d06f5\" data-element_type=\"container\" data-e-type=\"container\" data-settings=\"{&quot;background_background&quot;:&quot;slideshow&quot;,&quot;background_slideshow_gallery&quot;:[{&quot;id&quot;:12727,&quot;url&quot;:&quot;https:\\\/\\\/purelegance-weddings.de\\\/wp-content\\\/uploads\\\/2025\\\/12\\\/Purelegance-Styleshoot-Alpenblick-1-scaled.jpg&quot;},{&quot;id&quot;:12728,&quot;url&quot;:&quot;https:\\\/\\\/purelegance-weddings.de\\\/wp-content\\\/uploads\\\/2025\\\/12\\\/Purelegance-Styleshoot-Alpenblick-2-scaled.jpg&quot;},{&quot;id&quot;:11065,&quot;url&quot;:&quot;https:\\\/\\\/purelegance-weddings.de\\\/wp-content\\\/uploads\\\/2025\\\/05\\\/Hochzeitstorte.png&quot;}],&quot;background_slideshow_transition_duration&quot;:1000,&quot;background_slideshow_ken_burns&quot;:&quot;yes&quot;,&quot;background_slideshow_loop&quot;:&quot;yes&quot;,&quot;background_slideshow_slide_duration&quot;:5000,&quot;background_slideshow_slide_transition&quot;:&quot;fade&quot;,&quot;background_slideshow_ken_burns_zoom_direction&quot;:&quot;in&quot;}\">\n\t\t\t\t<\/div>\n\t\t\t\t<\/div>\n\t\t<div class=\"elementor-element elementor-element-2e757b6 e-con-full e-flex e-con e-parent\" data-id=\"2e757b6\" data-element_type=\"container\" data-e-type=\"container\" data-settings=\"{&quot;background_background&quot;:&quot;classic&quot;}\">\n\t\t<div class=\"elementor-element elementor-element-974b4a3 e-con-full e-flex e-con e-child\" data-id=\"974b4a3\" data-element_type=\"container\" data-e-type=\"container\">\n\t\t\t\t<div class=\"elementor-element elementor-element-ec6fa4a elementor-widget__width-initial elementor-widget elementor-widget-heading\" data-id=\"ec6fa4a\" data-element_type=\"widget\" data-e-type=\"widget\" data-widget_type=\"heading.default\">\n\t\t\t\t<div class=\"elementor-widget-container\">\n\t\t\t\t\t<h2 class=\"elementor-heading-title elementor-size-default\">Styled Shoot in Fulda - Zwischen Barock und Natur<\/h2>\t\t\t\t<\/div>\n\t\t\t\t<\/div>\n\t\t\t\t<div class=\"elementor-element elementor-element-45c4ac7 elementor-widget__width-initial elementor-widget elementor-widget-text-editor\" data-id=\"45c4ac7\" data-element_type=\"widget\" data-e-type=\"widget\" data-widget_type=\"text-editor.default\">\n\t\t\t\t<div class=\"elementor-widget-container\">\n\t\t\t\t\t\t\t\t\t<p>In der stilvollen Atmosph\u00e4re der Propstei Johannesberg bei Fulda entstand ein modernes Wedding Styled Shoot mit urbanem Twist. Die Braut trug ein kurzes, elegantes Kleid \u2013 frisch, selbstbewusst und absolut zeitgem\u00e4\u00df. Akzente in k\u00fchlen Blaut\u00f6nen zogen sich durch das gesamte Konzept und sorgten f\u00fcr eine klare, moderne \u00c4sthetik.<\/p><p>Die historische Architektur der Propstei bildete den perfekten Kontrast zur reduzierten, stilvollen Gestaltung \u2013 eine inspirierende Kombination f\u00fcr Paare, die das Besondere suchen.<\/p>\t\t\t\t\t\t\t\t<\/div>\n\t\t\t\t<\/div>\n\t\t\t\t<div class=\"elementor-element elementor-element-12a3ffc elementor-align-left elementor-tablet-align-center elementor-mobile-align-center elementor-widget elementor-widget-button\" data-id=\"12a3ffc\" data-element_type=\"widget\" data-e-type=\"widget\" data-widget_type=\"button.default\">\n\t\t\t\t<div class=\"elementor-widget-container\">\n\t\t\t\t\t\t\t\t\t<div class=\"elementor-button-wrapper\">\n\t\t\t\t\t<a class=\"elementor-button elementor-button-link elementor-size-sm\" href=\"https:\/\/purelegance-weddings.de\/styled-shoot-fulda\/\" target=\"_blank\">\n\t\t\t\t\t\t<span class=\"elementor-button-content-wrapper\">\n\t\t\t\t\t\t\t\t\t<span class=\"elementor-button-text\">Zur Inspiration<\/span>\n\t\t\t\t\t<\/span>\n\t\t\t\t\t<\/a>\n\t\t\t\t<\/div>\n\t\t\t\t\t\t\t\t<\/div>\n\t\t\t\t<\/div>\n\t\t\t\t<\/div>\n\t\t<div class=\"elementor-element elementor-element-d184f70 e-con-full e-flex e-con e-child\" data-id=\"d184f70\" data-element_type=\"container\" data-e-type=\"container\" data-settings=\"{&quot;background_background&quot;:&quot;slideshow&quot;,&quot;background_slideshow_gallery&quot;:[{&quot;id&quot;:11156,&quot;url&quot;:&quot;https:\\\/\\\/purelegance-weddings.de\\\/wp-content\\\/uploads\\\/2025\\\/07\\\/Wedding-Shooting.png&quot;},{&quot;id&quot;:11164,&quot;url&quot;:&quot;https:\\\/\\\/purelegance-weddings.de\\\/wp-content\\\/uploads\\\/2025\\\/07\\\/Tanzendes-Brautpaar.png&quot;},{&quot;id&quot;:10164,&quot;url&quot;:&quot;https:\\\/\\\/purelegance-weddings.de\\\/wp-content\\\/uploads\\\/2025\\\/05\\\/Hochzeitsplanerin-unterstuetzt-Braeutigam.png&quot;}],&quot;background_slideshow_transition_duration&quot;:1000,&quot;background_slideshow_ken_burns&quot;:&quot;yes&quot;,&quot;background_slideshow_loop&quot;:&quot;yes&quot;,&quot;background_slideshow_slide_duration&quot;:5000,&quot;background_slideshow_slide_transition&quot;:&quot;fade&quot;,&quot;background_slideshow_ken_burns_zoom_direction&quot;:&quot;in&quot;}\">\n\t\t\t\t<\/div>\n\t\t\t\t<\/div>\n\t\t<div class=\"elementor-element elementor-element-04a6fe6 e-con-full elementor-hidden-desktop elementor-hidden-tablet elementor-hidden-mobile e-flex e-con e-parent\" data-id=\"04a6fe6\" data-element_type=\"container\" data-e-type=\"container\" data-settings=\"{&quot;background_background&quot;:&quot;classic&quot;}\">\n\t\t<div class=\"elementor-element elementor-element-fcbad74 e-con-full e-flex e-con e-child\" data-id=\"fcbad74\" data-element_type=\"container\" data-e-type=\"container\" data-settings=\"{&quot;background_background&quot;:&quot;slideshow&quot;,&quot;background_slideshow_gallery&quot;:[{&quot;id&quot;:10164,&quot;url&quot;:&quot;https:\\\/\\\/purelegance-weddings.de\\\/wp-content\\\/uploads\\\/2025\\\/05\\\/Hochzeitsplanerin-unterstuetzt-Braeutigam.png&quot;},{&quot;id&quot;:11156,&quot;url&quot;:&quot;https:\\\/\\\/purelegance-weddings.de\\\/wp-content\\\/uploads\\\/2025\\\/07\\\/Wedding-Shooting.png&quot;},{&quot;id&quot;:11164,&quot;url&quot;:&quot;https:\\\/\\\/purelegance-weddings.de\\\/wp-content\\\/uploads\\\/2025\\\/07\\\/Tanzendes-Brautpaar.png&quot;}],&quot;background_slideshow_transition_duration&quot;:1000,&quot;background_slideshow_ken_burns&quot;:&quot;yes&quot;,&quot;background_slideshow_loop&quot;:&quot;yes&quot;,&quot;background_slideshow_slide_duration&quot;:5000,&quot;background_slideshow_slide_transition&quot;:&quot;fade&quot;,&quot;background_slideshow_ken_burns_zoom_direction&quot;:&quot;in&quot;}\">\n\t\t\t\t<\/div>\n\t\t<div class=\"elementor-element elementor-element-f4cde41 e-con-full e-flex e-con e-child\" data-id=\"f4cde41\" data-element_type=\"container\" data-e-type=\"container\">\n\t\t\t\t<div class=\"elementor-element elementor-element-42bbf56 elementor-widget-tablet__width-initial elementor-widget elementor-widget-heading\" data-id=\"42bbf56\" data-element_type=\"widget\" data-e-type=\"widget\" data-widget_type=\"heading.default\">\n\t\t\t\t<div class=\"elementor-widget-container\">\n\t\t\t\t\t<h2 class=\"elementor-heading-title elementor-size-default\">Styled Shoot in Fulda - Zwischen Barock und Natur<\/h2>\t\t\t\t<\/div>\n\t\t\t\t<\/div>\n\t\t\t\t<div class=\"elementor-element elementor-element-0d0aef7 elementor-widget__width-initial elementor-widget elementor-widget-text-editor\" data-id=\"0d0aef7\" data-element_type=\"widget\" data-e-type=\"widget\" data-widget_type=\"text-editor.default\">\n\t\t\t\t<div class=\"elementor-widget-container\">\n\t\t\t\t\t\t\t\t\t<p>In der stilvollen Atmosph\u00e4re der Propstei Johannesberg bei Fulda entstand ein modernes Wedding Styled Shoot mit urbanem Twist. Die Braut trug ein kurzes, elegantes Kleid \u2013 frisch, selbstbewusst und absolut zeitgem\u00e4\u00df. Akzente in k\u00fchlen Blaut\u00f6nen zogen sich durch das gesamte Konzept und sorgten f\u00fcr eine klare, moderne \u00c4sthetik.<\/p><p>Die historische Architektur der Propstei bildete den perfekten Kontrast zur reduzierten, stilvollen Gestaltung \u2013 eine inspirierende Kombination f\u00fcr Paare, die das Besondere suchen.<\/p>\t\t\t\t\t\t\t\t<\/div>\n\t\t\t\t<\/div>\n\t\t\t\t<div class=\"elementor-element elementor-element-5023e03 elementor-align-left elementor-tablet-align-center elementor-mobile-align-center elementor-widget elementor-widget-button\" data-id=\"5023e03\" data-element_type=\"widget\" data-e-type=\"widget\" data-widget_type=\"button.default\">\n\t\t\t\t<div class=\"elementor-widget-container\">\n\t\t\t\t\t\t\t\t\t<div class=\"elementor-button-wrapper\">\n\t\t\t\t\t<a class=\"elementor-button elementor-button-link elementor-size-sm\" href=\"https:\/\/purelegance-weddings.de\/styled-shoot-fulda\/\" target=\"_blank\">\n\t\t\t\t\t\t<span class=\"elementor-button-content-wrapper\">\n\t\t\t\t\t\t\t\t\t<span class=\"elementor-button-text\">Zur Inspiration<\/span>\n\t\t\t\t\t<\/span>\n\t\t\t\t\t<\/a>\n\t\t\t\t<\/div>\n\t\t\t\t\t\t\t\t<\/div>\n\t\t\t\t<\/div>\n\t\t\t\t<\/div>\n\t\t\t\t<\/div>\n\t\t<div class=\"elementor-element elementor-element-571a47d e-con-full e-flex e-con e-parent\" data-id=\"571a47d\" data-element_type=\"container\" data-e-type=\"container\">\n\t\t<div class=\"elementor-element elementor-element-dc55161 e-con-full e-flex e-con e-child\" data-id=\"dc55161\" data-element_type=\"container\" data-e-type=\"container\">\n\t\t\t\t<div class=\"elementor-element elementor-element-453ea19 elementor-widget-tablet__width-initial elementor-widget elementor-widget-heading\" data-id=\"453ea19\" data-element_type=\"widget\" data-e-type=\"widget\" data-widget_type=\"heading.default\">\n\t\t\t\t<div class=\"elementor-widget-container\">\n\t\t\t\t\t<h2 class=\"elementor-heading-title elementor-size-default\">Liebe kennt kein Wetter - Hochzeit in Tirol<\/h2>\t\t\t\t<\/div>\n\t\t\t\t<\/div>\n\t\t\t\t<div class=\"elementor-element elementor-element-74fbd3d elementor-widget__width-initial elementor-widget elementor-widget-text-editor\" data-id=\"74fbd3d\" data-element_type=\"widget\" data-e-type=\"widget\" data-widget_type=\"text-editor.default\">\n\t\t\t\t<div class=\"elementor-widget-container\">\n\t\t\t\t\t\t\t\t\t<p>Eine Hochzeit, die zeigt, dass auch raues Wetter seine eigene Kraft und Sch\u00f6nheit hat. Regen und Sturm sorgten f\u00fcr eine intensive Atmosph\u00e4re voller Energie und Authentizit\u00e4t \u2013 fernab von klassischen Hochzeitsbildern.<\/p>\t\t\t\t\t\t\t\t<\/div>\n\t\t\t\t<\/div>\n\t\t\t\t<div class=\"elementor-element elementor-element-a2af992 elementor-align-left elementor-mobile-align-center elementor-tablet-align-center elementor-widget elementor-widget-button\" data-id=\"a2af992\" data-element_type=\"widget\" data-e-type=\"widget\" data-widget_type=\"button.default\">\n\t\t\t\t<div class=\"elementor-widget-container\">\n\t\t\t\t\t\t\t\t\t<div class=\"elementor-button-wrapper\">\n\t\t\t\t\t<a class=\"elementor-button elementor-button-link elementor-size-sm\" href=\"https:\/\/purelegance-weddings.de\/en\/hochzeit-in-tirol\/\" target=\"_blank\">\n\t\t\t\t\t\t<span class=\"elementor-button-content-wrapper\">\n\t\t\t\t\t\t\t\t\t<span class=\"elementor-button-text\">Zur Inspiration<\/span>\n\t\t\t\t\t<\/span>\n\t\t\t\t\t<\/a>\n\t\t\t\t<\/div>\n\t\t\t\t\t\t\t\t<\/div>\n\t\t\t\t<\/div>\n\t\t\t\t<\/div>\n\t\t<div class=\"elementor-element elementor-element-f5cae2a e-con-full e-flex e-con e-child\" data-id=\"f5cae2a\" data-element_type=\"container\" data-e-type=\"container\" data-settings=\"{&quot;background_background&quot;:&quot;slideshow&quot;,&quot;background_slideshow_gallery&quot;:[{&quot;id&quot;:10880,&quot;url&quot;:&quot;https:\\\/\\\/purelegance-weddings.de\\\/wp-content\\\/uploads\\\/2025\\\/05\\\/Brautpaar-im-Regen.png&quot;},{&quot;id&quot;:10873,&quot;url&quot;:&quot;https:\\\/\\\/purelegance-weddings.de\\\/wp-content\\\/uploads\\\/2025\\\/05\\\/Brautpaar-bei-Fotoshooting.png&quot;}],&quot;background_slideshow_transition_duration&quot;:1000,&quot;background_slideshow_ken_burns&quot;:&quot;yes&quot;,&quot;background_slideshow_loop&quot;:&quot;yes&quot;,&quot;background_slideshow_slide_duration&quot;:5000,&quot;background_slideshow_slide_transition&quot;:&quot;fade&quot;,&quot;background_slideshow_ken_burns_zoom_direction&quot;:&quot;in&quot;}\">\n\t\t\t\t<\/div>\n\t\t\t\t<\/div>\n\t\t<div class=\"elementor-element elementor-element-64a649a e-flex e-con-boxed e-con e-parent\" data-id=\"64a649a\" data-element_type=\"container\" data-e-type=\"container\" data-settings=\"{&quot;background_background&quot;:&quot;video&quot;,&quot;background_video_link&quot;:&quot;https:\\\/\\\/youtu.be\\\/l4RAyA78mdM&quot;,&quot;background_video_start&quot;:0,&quot;background_video_end&quot;:14,&quot;background_play_on_mobile&quot;:&quot;yes&quot;}\">\n\t\t\t\t\t<div class=\"e-con-inner\">\n\t\t<div class=\"elementor-background-video-container\">\n\t\t\t\t\t\t\t<div class=\"elementor-background-video-embed\" role=\"presentation\"><\/div>\n\t\t\t\t\t\t<\/div><div class=\"elementor-element elementor-element-d3d6679 e-con-full e-flex e-con e-child\" data-id=\"d3d6679\" data-element_type=\"container\" data-e-type=\"container\">\n\t\t\t\t<\/div>\n\t\t\t\t\t<\/div>\n\t\t\t\t<\/div>\n\t\t\t\t<\/div>\n\t\t","protected":false},"excerpt":{"rendered":"<p>Get Some Inspirations Echte Hochzeiten &amp; Hochzeits&shy;inpirationen Tauche ein in die Welt einzigartiger Hochzeitsinspirationen \u2013 liebevoll zusammengestellt f\u00fcr Paare, die das Besondere suchen. Hier findest du kreative Hochzeitskonzepte, echte Hochzeiten und stilvolle Ideen, die deine Hochzeitsplanung bereichern. Von romantischen Looks bis hin zu eleganten Farbpaletten \u2013 lass dich inspirieren von realen Hochzeiten und durchdachten Konzepten [&hellip;]<\/p>\n","protected":false},"author":1,"featured_media":0,"parent":0,"menu_order":0,"comment_status":"closed","ping_status":"closed","template":"elementor_header_footer","meta":{"footnotes":""},"class_list":["post-10825","page","type-page","status-publish","hentry"],"_links":{"self":[{"href":"https:\/\/purelegance-weddings.de\/en\/wp-json\/wp\/v2\/pages\/10825","targetHints":{"allow":["GET"]}}],"collection":[{"href":"https:\/\/purelegance-weddings.de\/en\/wp-json\/wp\/v2\/pages"}],"about":[{"href":"https:\/\/purelegance-weddings.de\/en\/wp-json\/wp\/v2\/types\/page"}],"author":[{"embeddable":true,"href":"https:\/\/purelegance-weddings.de\/en\/wp-json\/wp\/v2\/users\/1"}],"replies":[{"embeddable":true,"href":"https:\/\/purelegance-weddings.de\/en\/wp-json\/wp\/v2\/comments?post=10825"}],"version-history":[{"count":171,"href":"https:\/\/purelegance-weddings.de\/en\/wp-json\/wp\/v2\/pages\/10825\/revisions"}],"predecessor-version":[{"id":13136,"href":"https:\/\/purelegance-weddings.de\/en\/wp-json\/wp\/v2\/pages\/10825\/revisions\/13136"}],"wp:attachment":[{"href":"https:\/\/purelegance-weddings.de\/en\/wp-json\/wp\/v2\/media?parent=10825"}],"curies":[{"name":"wp","href":"https:\/\/api.w.org\/{rel}","templated":true}]}}